{"id":943,"date":"2024-01-11T17:23:41","date_gmt":"2024-01-11T17:23:41","guid":{"rendered":"https:\/\/colonianatura.hu\/?page_id=943"},"modified":"2024-10-26T08:22:36","modified_gmt":"2024-10-26T08:22:36","slug":"vulcanus-apartman","status":"publish","type":"page","link":"https:\/\/colonianatura.hu\/en\/apartmanpark\/vulcanus-apartman\/","title":{"rendered":"Vulcanus apartment"},"content":{"rendered":"<p><\/p>\n<p style=\"text-align: center;\">Vulcan, the Roman god of fire and volcanoes, son of Jupiter and Juno. Why did we choose him as the namesake of our apartment? Because beneath our park, deep in the ground, lies the dormant energy of a once-mighty supervolcano that still flows through this land. This region, once restless, has now been tamed and transformed into a place of peace and relaxation. The rolling hills covered in vineyards, the quaint little wine cellars, all offer a perfect backdrop for a refreshing morning coffee, relaxing yoga, or an afternoon of quiet reflection on the apartment\u2019s terrace. You will feel the energy of the landscape as it fills and captivates you.<\/p>\n<p style=\"text-align: center;\">Nearby, smaller and larger volcanic hills, called &#8220;witness hills,&#8221; provide excellent hiking destinations, including the mystical S\u00e1g Hill. Here, a gentle walk allows you to enjoy nature&#8217;s tranquility while uncovering the history of the area. Vulcanus&#8217; apartment is not only the &#8220;hottest&#8221; because of its namesake but also due to its warm atmosphere and lighting, which help you forget the gray routine of everyday life and awaken the energies within you, infused with the unique power of this mythical land.<\/p>\n<p style=\"text-align: center;\">The 35-square-meter apartment house accommodates up to four guests, offering a perfect place for complete relaxation. The 12-square-meter furnished terrace is ideal for romantic sunset evenings, stargazing, or sunbathing in peaceful seclusion. The apartment&#8217;s cozy bedroom features a rustic, solid wood-framed double bed made from beams of historic buildings, while the living room includes a sofa bed for two and a romantic fireplace. For your comfort, the apartment is fully equipped with bed linens, towels, a hairdryer, iron, microwave, coffee maker, kettle, kitchen utensils, and Wi-Fi. To maintain the historical ambiance and uninterrupted relaxation, the apartment is TV-free and fully air-conditioned.<\/p>\n<p style=\"text-align: center;\">Let Vulcan\u2019s energy recharge you, and discover this enchanting landscape where the harmony of the past and nature helps you find balance once again!<\/p>\n<p style=\"text-align: center;\"><strong>Services<\/strong><\/p>\n<p style=\"text-align: center;\">For 2+2 people<\/p>\n<p style=\"text-align: center;\">Equipped kitchen<\/p>\n<p style=\"text-align: center;\">Bathroom, WC<\/p>\n<p style=\"text-align: center;\">Non-smoking<\/p>\n<p style=\"text-align: center;\">naturally air-conditioned, with a fireplace<\/p>\n<p style=\"text-align: center;\">Free Wi-Fi<\/p>\n<p style=\"text-align: center;\">Bedsheets, towels<\/p>\n<p style=\"text-align: center;\">Hair dryer<\/p>\n<p><\/p>\n<div style=\"margin-top: 50px;\"><h2 style=\"text-align: center; \">Vulcanus apartment, foglalj most!Vulcanus apartment awaits you, book now!<\/h2><p><div style=\"margin-bottom: 50px;\"><p><strong>Our Prices<\/strong><\/p>\n<ul>\n<li><strong>Weekdays from November to June (except Fridays):<\/strong> 30,000 HUF\/house\/night<\/li>\n<li><strong>Friday to Sunday:<\/strong> 35,000 HUF\/house\/night for 2 people<\/li>\n<li><strong>Additional guests:<\/strong> +10,000 HUF per person per night<\/li>\n<li><strong>Single-night stay surcharge:<\/strong> +5,000 HUF<\/li>\n<li><strong>Adults only, bookings available from age 16 and up<\/strong><\/li>\n<li><strong>50% deposit<\/strong> is required after booking confirmation. The remaining balance can be paid prior to arrival or on-site.<\/li>\n<\/ul>\n<p><strong>Peak Seasons<\/strong><\/p>\n<ul>\n<li><strong>Summer Season:<\/strong> July 1 - August 31 \u2013 50,000 HUF\/night<\/li>\n<li><strong>Christmas:<\/strong> December 23-30 \u2013 50,000 HUF\/night (minimum 2-night booking required)<\/li>\n<li><strong>New Year's:<\/strong> December 31 - January 2 \u2013 70,000 HUF\/night (minimum 2-night booking required)<\/li>\n<\/ul>\n<p>Prices are valid until December 31, 2025.<\/p>\n<\/div> <div id=\"form_id1184775953931\"  class=\"wpbc_container wpbc_form wpbc_container_booking_form  \" ><form  id=\"booking_form3\"   class=\"booking_form vertical\" method=\"post\" action=\"\"><div id=\"ajax_respond_insert3\" class=\"ajax_respond_insert\" style=\"display:none;\"><\/div><a name=\"bklnk3\" id=\"bklnk3\"><\/a><div id=\"booking_form_div3\" class=\"booking_form_div\"><!--  Simple HTML shortcodes in the form (check more at \"Generate Tag\" section): \r\nRow: <div class=\"wpbc__row\">...<\/div> | Columns: <div class=\"wpbc__field\">...<\/div> | Labels: <label>...<\/label> | Spacer: <div class=\"wpbc__spacer\" style=\"width:100%;clear:both;\"><\/div> --> \r\n<div class=\"wpbc_calendar_wraper wpbc_change_over_triangle\"><div class=\"wpbc_cal_container bk_calendar_frame wpbc_no_custom_width  months_num_in_row_ cal_month_num_2 wpbc_timeslot_day_bg_as_available\" style=\"\"><div id=\"calendar_booking3\">Calendar is loading...<\/div><\/div><textarea id=\"date_booking3\" name=\"date_booking3\" autocomplete=\"off\" style=\"display:none;\"><\/textarea><div class=\"block_hints datepick \"><div class=\"wpdev_hint_with_text\"><div class=\"block_free datepick-days-cell\"><a>15<\/a><\/div><div class=\"block_text\">- <\/div><div class=\"block_text\">Available<\/div><\/div><div class=\"wpdev_hint_with_text\"><div class=\"block_booked date_approved\">15<\/div><div class=\"block_text\">- <\/div><div class=\"block_text\">Booked<\/div><\/div><div class=\"wpdev_hint_with_text\"><div class=\"block_pending date2approve\">15<\/div><div class=\"block_text\">- <\/div><div class=\"block_text\">Pending<\/div><\/div><\/div><\/div>\r\n<div class=\"wpbc__form__div\" style=\"padding: 1em 0;\"> \r\n\t<div class=\"wpbc__row\"> \r\n\t\t<div class=\"wpbc__field\"> <label>First Name (required):<\/label><br \/><span class=\"wpbc_wrap_text wpdev-form-control-wrap name3\"><input type=\"text\" name=\"name3\" value=\"\" autocomplete=\"name\" class=\"wpdev-validates-as-required\" size=\"40\" \/><\/span> <\/div> \r\n\t\t<div class=\"wpbc__field\"> <label>Last Name (required):<\/label><br \/><span class=\"wpbc_wrap_text wpdev-form-control-wrap secondname3\"><input type=\"text\" name=\"secondname3\" value=\"\" autocomplete=\"secondname\" class=\"wpdev-validates-as-required\" size=\"40\" \/><\/span> <\/div> \r\n\t<\/div> \r\n\t<div class=\"wpbc__row\"> \r\n\t\t<div class=\"wpbc__field\"> <label>Email (required):<\/label><br \/><span class=\"wpbc_wrap_text wpdev-form-control-wrap email3\"><input type=\"text\" name=\"email3\" value=\"\" autocomplete=\"email\" class=\"wpdev-validates-as-email wpdev-validates-as-required\" size=\"40\" \/><\/span> <\/div> \r\n\t\t<div class=\"wpbc__field\"> <label>Phone (required):<\/label><br \/><span class=\"wpbc_wrap_text wpdev-form-control-wrap phone3\"><input type=\"text\" name=\"phone3\" value=\"\" autocomplete=\"phone\" class=\"wpdev-validates-as-required\" size=\"40\" \/><\/span> <\/div> \r\n\t<\/div> \r\n\t<div class=\"wpbc__row\"> \r\n\t\t<div class=\"wpbc__field\"> <label>Adults:<\/label><br \/><span class=\"wpbc_wrap_select wpdev-form-control-wrap visitors3\"><select onchange=\"javascript:if(typeof( showCostHintInsideBkForm ) == 'function') {  showCostHintInsideBkForm(3);}\" name=\"visitors3\" autocomplete=\"visitors\"><option value=\"1\">1<\/option><option value=\"2\">2<\/option><option value=\"3\">3<\/option><option value=\"4\">4<\/option><\/select><\/span> <\/div> \r\n\t\t<div class=\"wpbc__field\"> <label>Children (above 16 years):<\/label><br \/><span class=\"wpbc_wrap_select wpdev-form-control-wrap children3\"><select onchange=\"javascript:if(typeof( showCostHintInsideBkForm ) == 'function') {  showCostHintInsideBkForm(3);}\" name=\"children3\" autocomplete=\"children\"><option value=\"0\">0<\/option><option value=\"1\">1<\/option><option value=\"2\">2<\/option><option value=\"3\">3<\/option><option value=\"4\">4<\/option><\/select><\/span> <\/div> \r\n\t<\/div> \r\n\t<div class=\"wpbc__row\"> \r\n\t\t<div class=\"wpbc__field\"> <label>Details:<\/label> <div style=\"clear:both;width:100%\"><\/div> \r\n\t\t\t<span class=\"wpbc_wrap_textarea wpdev-form-control-wrap details3\"><textarea name=\"details3\" autocomplete=\"details\"><\/textarea><\/span> <\/div> \r\n\t<\/div> \r\n\t<div class=\"wpbc__row\">\r\n\t\t<div class=\"wpbc__field\"> <span class=\"wpbc_wrap_checkbox wpdev-form-control-wrap term_and_condition3\"><span autocomplete=\"term_and_condition\" class=\"wpdev-validates-as-required wpdev-checkbox\"><span class=\"wpdev-list-item\"><input  autocomplete=\"term_and_condition\" class=\"wpdev-validates-as-required wpdev-checkbox\" id=\"checkboxid177627579305187\"  onchange=\"javascript:if(typeof( showCostHintInsideBkForm ) == 'function') {  showCostHintInsideBkForm(3);}\"  type=\"checkbox\"  name=\"term_and_condition3[]\"  value=\"I Accept term and conditions\" \/><label for=\"checkboxid177627579305187\"  class=\"wpdev-list-item-label\">I Accept term and conditions<\/label><\/span><\/span><\/span> <\/div>\r\n\t\t<div class=\"wpbc__field\"> <span class=\"wpbc_text_captcha_container\"><input  autocomplete=\"off\" type=\"hidden\" name=\"wpdev_captcha_challenge_3\"  id=\"wpdev_captcha_challenge_3\" value=\"1729261907\" \/><input  autocomplete=\"off\" type=\"text\" class=\"captachinput\" value=\"\" name=\"captcha_input3\" id=\"captcha_input3\" \/><img decoding=\"async\" class=\"captcha_img\"  id=\"captcha_img3\" alt=\"To show CAPTCHA, please deactivate cache plugin or exclude this page from caching or disable CAPTCHA at WP Booking Calendar - Settings General page in Form Options section.\" src=\"https:\/\/colonianatura.hu\/wp-content\/plugins\/booking.personal.10.5.1\/js\/captcha\/tmp\/1729261907.png\" \/><\/span> <\/div>\r\n\t<\/div>\t\r\n\t<p><input type=\"button\" value=\"Send\" class=\"wpbc_button_light\"  onclick=\"mybooking_submit(this.form,3, 'en_US' );\" \/><\/p> \r\n<\/div><input id=\"bk_type3\" name=\"bk_type3\" class=\"\" type=\"hidden\" value=\"3\" \/><\/div><div id=\"submiting3\"><\/div><div class=\"form_bk_messages\" id=\"form_bk_messages3\" ><\/div><input type=\"hidden\" id=\"wpbc_nonceCALCULATE_THE_COST3\" name=\"wpbc_nonceCALCULATE_THE_COST3\" value=\"7ba18a8954\" \/><input type=\"hidden\" name=\"_wp_http_referer\" value=\"\/en\/wp-json\/wp\/v2\/pages\/943\" \/><\/form><\/div><div id=\"booking_form_garbage3\" class=\"booking_form_garbage\"><\/div><script type=\"text\/javascript\"> (function() { var a = setInterval( function() {  if ( ( 'undefined' === typeof jQuery ) || ! window.jQuery ) { return; } clearInterval( a ); jQuery( document ).ready( function (){ jQuery(\".widget_wpdev_booking .booking_form.form-horizontal\").removeClass(\"form-horizontal\");\n                                    var visible_calendars_count = _wpbc.get_other_param( \"calendars__on_this_page\" ).length;\n                                    if (visible_calendars_count !== null ) {\n                                        for (var i=0;i< visible_calendars_count ;i++){\n                                          if ( _wpbc.get_other_param( \"calendars__on_this_page\" )[i] === 3 ) {\n                                              document.getElementById(\"form_id1184775953931\").innerHTML = \"<span style='color:#A00;font-size:10px;'>Warning! Booking calendar for this booking resource are already at the page, please check more about this issue at this page: https:\/\/wpbookingcalendar.com\/faq\/why-the-booking-calendar-widget-not-show-on-page\/<\/span>\";                                                                                                  \n                                              jQuery(\"#form_id1184775953931\").animate( {opacity: 1}, 10000 ).fadeOut(5000);\n                                              return;\n                                          }\n                                        }\n                                        _wpbc.get_other_param( \"calendars__on_this_page\" )[ visible_calendars_count ]=3;\n                                    } } ); }, 500 ); })();<\/script> <script type=\"text\/javascript\"> (function() { var a = setInterval( function() {  if ( ( 'undefined' === typeof jQuery ) || ! window.jQuery ) { return; } clearInterval( a ); jQuery( document ).ready( function (){ _wpbc.balancer__set_max_threads( 3 );  _wpbc.calendar__set_param_value( 3 , 'calendar_scroll_to' , false );  _wpbc.calendar__set_param_value( 3 , 'booking_max_monthes_in_calendar' , '2y' );  _wpbc.calendar__set_param_value( 3 , 'booking_start_day_weeek' , '1' );  _wpbc.calendar__set_param_value( 3 , 'calendar_number_of_months' , '2' );   _wpbc.calendar__set_param_value( 3, 'days_select_mode', 'multiple' );   _wpbc.calendar__set_param_value( 3, 'fixed__days_num', 0 );   _wpbc.calendar__set_param_value( 3, 'fixed__week_days__start',   [] );   _wpbc.calendar__set_param_value( 3, 'dynamic__days_min', 0 );   _wpbc.calendar__set_param_value( 3, 'dynamic__days_max', 0 );   _wpbc.calendar__set_param_value( 3, 'dynamic__days_specific',    [] );   _wpbc.calendar__set_param_value( 3, 'dynamic__week_days__start', [] );   _wpbc.calendar__set_param_value( 3, 'booking_date_format', 'Y.m.d.' );   _wpbc.calendar__set_param_value( 3, 'booking_time_format', 'g:i a' );   if ( 'function' === typeof ( wpbc__conditions__SAVE_INITIAL__days_selection_params__bm ) ){ wpbc__conditions__SAVE_INITIAL__days_selection_params__bm( 3 ); }   wpbc_calendar_show( '3' );   _wpbc.set_secure_param( 'nonce',   '1b95adcdf1' );   _wpbc.set_secure_param( 'user_id', '0' );   _wpbc.set_secure_param( 'locale',  'en_US' );  wpbc_calendar__load_data__ajx( {\"resource_id\":3,\"booking_hash\":\"\",\"request_uri\":\"\\\/en\\\/wp-json\\\/wp\\\/v2\\\/pages\\\/943\",\"custom_form\":\"standard\",\"aggregate_resource_id_str\":\"\",\"aggregate_type\":\"all\"} ); } ); }, 500 ); })();<\/script><\/p><\/div>","protected":false},"excerpt":{"rendered":"<p>Vulcan, the Roman god of fire and volcanoes, son of Jupiter and Juno. Why did we choose him as the&#8230;<\/p>\n","protected":false},"author":1,"featured_media":1005,"parent":937,"menu_order":7,"comment_status":"closed","ping_status":"closed","template":"","meta":{"footnotes":""},"class_list":["post-943","page","type-page","status-publish","has-post-thumbnail","hentry"],"acf":[],"yoast_head":"<!-- This site is optimized with the Yoast SEO plugin v27.4 - https:\/\/yoast.com\/product\/yoast-seo-wordpress\/ -->\n<title>Vulcanus apartment - Colonia Natura T\u00f6rt\u00e9nelmi Apartmanpark<\/title>\n<meta name=\"description\" content=\"Romantikus sz\u00e1ll\u00e1s a vulk\u00e1nok energi\u00e1i \u00e9s a t\u00f6rt\u00e9nelmi hangulat \u00f6sszefon\u00f3dik. Naplemente \u00e9s csillagn\u00e9z\u00e9s term\u00e9szetk\u00f6zeli felt\u00f6lt\u0151d\u00e9s.\" \/>\n<meta name=\"robots\" content=\"index, follow, max-snippet:-1, max-image-preview:large, max-video-preview:-1\" \/>\n<link rel=\"canonical\" href=\"https:\/\/colonianatura.hu\/apartmanpark\/vulcanus-apartman\/\" \/>\n<meta property=\"og:locale\" content=\"en_US\" \/>\n<meta property=\"og:type\" content=\"article\" \/>\n<meta property=\"og:title\" content=\"Vulcanus apartment - Colonia Natura T\u00f6rt\u00e9nelmi Apartmanpark\" \/>\n<meta property=\"og:description\" content=\"Romantikus sz\u00e1ll\u00e1s a vulk\u00e1nok energi\u00e1i \u00e9s a t\u00f6rt\u00e9nelmi hangulat \u00f6sszefon\u00f3dik. Naplemente \u00e9s csillagn\u00e9z\u00e9s term\u00e9szetk\u00f6zeli felt\u00f6lt\u0151d\u00e9s.\" \/>\n<meta property=\"og:url\" content=\"https:\/\/colonianatura.hu\/apartmanpark\/vulcanus-apartman\/\" \/>\n<meta property=\"og:site_name\" content=\"Colonia Natura T\u00f6rt\u00e9nelmi Apartmanpark\" \/>\n<meta property=\"article:publisher\" content=\"https:\/\/facebook.com\/colonianatura\/\" \/>\n<meta property=\"article:modified_time\" content=\"2024-10-26T08:22:36+00:00\" \/>\n<meta property=\"og:image\" content=\"https:\/\/colonianatura.hu\/wp-content\/uploads\/2024\/01\/Vulcanus_1-scaled.jpg\" \/>\n\t<meta property=\"og:image:width\" content=\"2560\" \/>\n\t<meta property=\"og:image:height\" content=\"1920\" \/>\n\t<meta property=\"og:image:type\" content=\"image\/jpeg\" \/>\n<meta name=\"twitter:card\" content=\"summary_large_image\" \/>\n<meta name=\"twitter:label1\" content=\"Est. reading time\" \/>\n\t<meta name=\"twitter:data1\" content=\"2 minutes\" \/>\n<script type=\"application\/ld+json\" class=\"yoast-schema-graph\">{\"@context\":\"https:\\\/\\\/schema.org\",\"@graph\":[{\"@type\":\"WebPage\",\"@id\":\"https:\\\/\\\/colonianatura.hu\\\/apartmanpark\\\/vulcanus-apartman\\\/\",\"url\":\"https:\\\/\\\/colonianatura.hu\\\/apartmanpark\\\/vulcanus-apartman\\\/\",\"name\":\"[:hu]Vulcanus Apartman[:en]Vulcanus apartment[:] - Colonia Natura T\u00f6rt\u00e9nelmi Apartmanpark\",\"isPartOf\":{\"@id\":\"https:\\\/\\\/colonianatura.hu\\\/#website\"},\"primaryImageOfPage\":{\"@id\":\"https:\\\/\\\/colonianatura.hu\\\/apartmanpark\\\/vulcanus-apartman\\\/#primaryimage\"},\"image\":{\"@id\":\"https:\\\/\\\/colonianatura.hu\\\/apartmanpark\\\/vulcanus-apartman\\\/#primaryimage\"},\"thumbnailUrl\":\"https:\\\/\\\/colonianatura.hu\\\/wp-content\\\/uploads\\\/2024\\\/01\\\/Vulcanus_1-scaled.jpg\",\"datePublished\":\"2024-01-11T17:23:41+00:00\",\"dateModified\":\"2024-10-26T08:22:36+00:00\",\"description\":\"Romantikus sz\u00e1ll\u00e1s a vulk\u00e1nok energi\u00e1i \u00e9s a t\u00f6rt\u00e9nelmi hangulat \u00f6sszefon\u00f3dik. Naplemente \u00e9s csillagn\u00e9z\u00e9s term\u00e9szetk\u00f6zeli felt\u00f6lt\u0151d\u00e9s.\",\"breadcrumb\":{\"@id\":\"https:\\\/\\\/colonianatura.hu\\\/apartmanpark\\\/vulcanus-apartman\\\/#breadcrumb\"},\"inLanguage\":\"en-US\",\"potentialAction\":[{\"@type\":\"ReadAction\",\"target\":[\"https:\\\/\\\/colonianatura.hu\\\/apartmanpark\\\/vulcanus-apartman\\\/\"]}]},{\"@type\":\"ImageObject\",\"inLanguage\":\"en-US\",\"@id\":\"https:\\\/\\\/colonianatura.hu\\\/apartmanpark\\\/vulcanus-apartman\\\/#primaryimage\",\"url\":\"https:\\\/\\\/colonianatura.hu\\\/wp-content\\\/uploads\\\/2024\\\/01\\\/Vulcanus_1-scaled.jpg\",\"contentUrl\":\"https:\\\/\\\/colonianatura.hu\\\/wp-content\\\/uploads\\\/2024\\\/01\\\/Vulcanus_1-scaled.jpg\",\"width\":2560,\"height\":1920},{\"@type\":\"BreadcrumbList\",\"@id\":\"https:\\\/\\\/colonianatura.hu\\\/apartmanpark\\\/vulcanus-apartman\\\/#breadcrumb\",\"itemListElement\":[{\"@type\":\"ListItem\",\"position\":1,\"name\":\"Startseite\",\"item\":\"https:\\\/\\\/colonianatura.hu\\\/\"},{\"@type\":\"ListItem\",\"position\":2,\"name\":\"Apartman&shy;park\",\"item\":\"https:\\\/\\\/colonianatura.hu\\\/apartmanpark\\\/\"},{\"@type\":\"ListItem\",\"position\":3,\"name\":\"Vulcanus Apartman\"}]},{\"@type\":\"WebSite\",\"@id\":\"https:\\\/\\\/colonianatura.hu\\\/#website\",\"url\":\"https:\\\/\\\/colonianatura.hu\\\/\",\"name\":\"Colonia Natura Apartmanpark\",\"description\":\"Colonia Natura\",\"potentialAction\":[{\"@type\":\"SearchAction\",\"target\":{\"@type\":\"EntryPoint\",\"urlTemplate\":\"https:\\\/\\\/colonianatura.hu\\\/?s={search_term_string}\"},\"query-input\":{\"@type\":\"PropertyValueSpecification\",\"valueRequired\":true,\"valueName\":\"search_term_string\"}}],\"inLanguage\":\"en-US\"}]}<\/script>\n<!-- \/ Yoast SEO plugin. -->","yoast_head_json":{"title":"[:hu]Vulcanus Apartman[:en]Vulcanus apartment[:] - Colonia Natura T\u00f6rt\u00e9nelmi Apartmanpark","description":"Romantikus sz\u00e1ll\u00e1s a vulk\u00e1nok energi\u00e1i \u00e9s a t\u00f6rt\u00e9nelmi hangulat \u00f6sszefon\u00f3dik. Naplemente \u00e9s csillagn\u00e9z\u00e9s term\u00e9szetk\u00f6zeli felt\u00f6lt\u0151d\u00e9s.","robots":{"index":"index","follow":"follow","max-snippet":"max-snippet:-1","max-image-preview":"max-image-preview:large","max-video-preview":"max-video-preview:-1"},"canonical":"https:\/\/colonianatura.hu\/apartmanpark\/vulcanus-apartman\/","og_locale":"en_US","og_type":"article","og_title":"Vulcanus apartment - Colonia Natura T\u00f6rt\u00e9nelmi Apartmanpark","og_description":"Romantikus sz\u00e1ll\u00e1s a vulk\u00e1nok energi\u00e1i \u00e9s a t\u00f6rt\u00e9nelmi hangulat \u00f6sszefon\u00f3dik. Naplemente \u00e9s csillagn\u00e9z\u00e9s term\u00e9szetk\u00f6zeli felt\u00f6lt\u0151d\u00e9s.","og_url":"https:\/\/colonianatura.hu\/apartmanpark\/vulcanus-apartman\/","og_site_name":"Colonia Natura T\u00f6rt\u00e9nelmi Apartmanpark","article_publisher":"https:\/\/facebook.com\/colonianatura\/","article_modified_time":"2024-10-26T08:22:36+00:00","og_image":[{"width":2560,"height":1920,"url":"https:\/\/colonianatura.hu\/wp-content\/uploads\/2024\/01\/Vulcanus_1-scaled.jpg","type":"image\/jpeg"}],"twitter_card":"summary_large_image","twitter_misc":{"Est. reading time":"2 minutes"},"schema":{"@context":"https:\/\/schema.org","@graph":[{"@type":"WebPage","@id":"https:\/\/colonianatura.hu\/apartmanpark\/vulcanus-apartman\/","url":"https:\/\/colonianatura.hu\/apartmanpark\/vulcanus-apartman\/","name":"[:hu]Vulcanus Apartman[:en]Vulcanus apartment[:] - Colonia Natura T\u00f6rt\u00e9nelmi Apartmanpark","isPartOf":{"@id":"https:\/\/colonianatura.hu\/#website"},"primaryImageOfPage":{"@id":"https:\/\/colonianatura.hu\/apartmanpark\/vulcanus-apartman\/#primaryimage"},"image":{"@id":"https:\/\/colonianatura.hu\/apartmanpark\/vulcanus-apartman\/#primaryimage"},"thumbnailUrl":"https:\/\/colonianatura.hu\/wp-content\/uploads\/2024\/01\/Vulcanus_1-scaled.jpg","datePublished":"2024-01-11T17:23:41+00:00","dateModified":"2024-10-26T08:22:36+00:00","description":"Romantikus sz\u00e1ll\u00e1s a vulk\u00e1nok energi\u00e1i \u00e9s a t\u00f6rt\u00e9nelmi hangulat \u00f6sszefon\u00f3dik. Naplemente \u00e9s csillagn\u00e9z\u00e9s term\u00e9szetk\u00f6zeli felt\u00f6lt\u0151d\u00e9s.","breadcrumb":{"@id":"https:\/\/colonianatura.hu\/apartmanpark\/vulcanus-apartman\/#breadcrumb"},"inLanguage":"en-US","potentialAction":[{"@type":"ReadAction","target":["https:\/\/colonianatura.hu\/apartmanpark\/vulcanus-apartman\/"]}]},{"@type":"ImageObject","inLanguage":"en-US","@id":"https:\/\/colonianatura.hu\/apartmanpark\/vulcanus-apartman\/#primaryimage","url":"https:\/\/colonianatura.hu\/wp-content\/uploads\/2024\/01\/Vulcanus_1-scaled.jpg","contentUrl":"https:\/\/colonianatura.hu\/wp-content\/uploads\/2024\/01\/Vulcanus_1-scaled.jpg","width":2560,"height":1920},{"@type":"BreadcrumbList","@id":"https:\/\/colonianatura.hu\/apartmanpark\/vulcanus-apartman\/#breadcrumb","itemListElement":[{"@type":"ListItem","position":1,"name":"Startseite","item":"https:\/\/colonianatura.hu\/"},{"@type":"ListItem","position":2,"name":"Apartman&shy;park","item":"https:\/\/colonianatura.hu\/apartmanpark\/"},{"@type":"ListItem","position":3,"name":"Vulcanus Apartman"}]},{"@type":"WebSite","@id":"https:\/\/colonianatura.hu\/#website","url":"https:\/\/colonianatura.hu\/","name":"Colonia Natura Apartmanpark","description":"Colonia Natura","potentialAction":[{"@type":"SearchAction","target":{"@type":"EntryPoint","urlTemplate":"https:\/\/colonianatura.hu\/?s={search_term_string}"},"query-input":{"@type":"PropertyValueSpecification","valueRequired":true,"valueName":"search_term_string"}}],"inLanguage":"en-US"}]}},"_links":{"self":[{"href":"https:\/\/colonianatura.hu\/en\/wp-json\/wp\/v2\/pages\/943","targetHints":{"allow":["GET"]}}],"collection":[{"href":"https:\/\/colonianatura.hu\/en\/wp-json\/wp\/v2\/pages"}],"about":[{"href":"https:\/\/colonianatura.hu\/en\/wp-json\/wp\/v2\/types\/page"}],"author":[{"embeddable":true,"href":"https:\/\/colonianatura.hu\/en\/wp-json\/wp\/v2\/users\/1"}],"replies":[{"embeddable":true,"href":"https:\/\/colonianatura.hu\/en\/wp-json\/wp\/v2\/comments?post=943"}],"version-history":[{"count":19,"href":"https:\/\/colonianatura.hu\/en\/wp-json\/wp\/v2\/pages\/943\/revisions"}],"predecessor-version":[{"id":1325,"href":"https:\/\/colonianatura.hu\/en\/wp-json\/wp\/v2\/pages\/943\/revisions\/1325"}],"up":[{"embeddable":true,"href":"https:\/\/colonianatura.hu\/en\/wp-json\/wp\/v2\/pages\/937"}],"wp:featuredmedia":[{"embeddable":true,"href":"https:\/\/colonianatura.hu\/en\/wp-json\/wp\/v2\/media\/1005"}],"wp:attachment":[{"href":"https:\/\/colonianatura.hu\/en\/wp-json\/wp\/v2\/media?parent=943"}],"curies":[{"name":"wp","href":"https:\/\/api.w.org\/{rel}","templated":true}]}}