{"id":941,"date":"2024-01-11T17:00:51","date_gmt":"2024-01-11T17:00:51","guid":{"rendered":"https:\/\/colonianatura.hu\/?page_id=941"},"modified":"2024-10-26T08:07:45","modified_gmt":"2024-10-26T08:07:45","slug":"juno-apartman","status":"publish","type":"page","link":"https:\/\/colonianatura.hu\/en\/apartmanpark\/juno-apartman\/","title":{"rendered":"Juno apartment"},"content":{"rendered":"<p><\/p>\n<p style=\"text-align: center;\">Switch off with a good book, take a hike in nature, or simply enjoy the peaceful surroundings! Here, everything is in place for you to return to daily life recharged and revitalized. Our apartments, inspired by the timeless peace of the \u2018pax romana,\u2019 help you regain your energy and motivation. Immerse yourself in nature\u2019s positive energy and rediscover your inner balance! Juno, wife of Jupiter and goddess of marriage and birth, makes her home the perfect choice for this retreat. It\u2019s our largest apartment, blending the style of ancient Rome with modern Mediterranean touches, while also prioritizing eco-conscious living.<\/p>\n<p style=\"text-align: center;\">The apartment\u2019s brick walls and terrace, made from materials that evoke the charm of ancient Rome, along with the beamed wooden ceiling, enhance its unique character. For uninterrupted relaxation, our locally sourced bamboo shades provide relief from the scorching summer sun.<\/p>\n<p style=\"text-align: center;\">Accommodating up to six people in its 45 square meters, the apartment features two separate bedrooms. On the terrace, with its garden furniture for six, every moment of your retreat feels like a magical story\u2014whether it\u2019s an intimate conversation or enjoying a glass of wine, the countryside atmosphere is made complete. Inside, there\u2019s a living room, kitchen, dining area, and a bathroom. Both bedrooms offer double beds to ensure you rest from the everyday grind, while the living room\u2019s pull-out sofa for two surrounds you with the feeling of timeless tranquility.<\/p>\n<p style=\"text-align: center;\">For your convenience, towels, bedding, a hairdryer, iron, microwave, washing machine, coffee maker, kettle, kitchen utensils, and Wi-Fi are all provided. The apartment is smoke-free and TV-free, with air conditioning. To heighten the special atmosphere, relax by the crackling fire in the fireplace.<\/p>\n<p style=\"text-align: center;\"><strong>Services<\/strong><\/p>\n<p style=\"text-align: center;\">45m2, 2 bedrooms , living room-kitchen-dining room<\/p>\n<p style=\"text-align: center;\">For 4+2 people<\/p>\n<p style=\"text-align: center;\">Equipped kitchen<\/p>\n<p style=\"text-align: center;\">Bathroom, WC<\/p>\n<p style=\"text-align: center;\">Non-smoking<\/p>\n<p style=\"text-align: center;\">climatized, personally adjustable heating system<\/p>\n<p style=\"text-align: center;\">Free Wi-Fi<\/p>\n<p style=\"text-align: center;\">Bedsheets, towels<\/p>\n<p style=\"text-align: center;\">Hair dryer<\/p>\n<p><\/p>\n<div style=\"text-align: center; margin-top: 50px;\"><h2>Juno apartment.The booking currently not available: Juno apartment.<\/h2><\/div>","protected":false},"excerpt":{"rendered":"<p>Switch off with a good book, take a hike in nature, or simply enjoy the peaceful surroundings! Here, everything is&#8230;<\/p>\n","protected":false},"author":1,"featured_media":1001,"parent":937,"menu_order":6,"comment_status":"closed","ping_status":"closed","template":"","meta":{"footnotes":""},"class_list":["post-941","page","type-page","status-publish","has-post-thumbnail","hentry"],"acf":[],"yoast_head":"<!-- This site is optimized with the Yoast SEO plugin v27.4 - https:\/\/yoast.com\/product\/yoast-seo-wordpress\/ -->\n<title>Juno apartment - Colonia Natura T\u00f6rt\u00e9nelmi Apartmanpark<\/title>\n<meta name=\"description\" content=\"Vid\u00e9ki elvonul\u00e1sra v\u00e1gytok? T\u00f6ltekezzetek a vid\u00e9k energi\u00e1ib\u00f3l, \u00e9lvezz\u00e9tek a pihen\u00e9st kettesben, vagy bar\u00e1tokkal hangulatos vend\u00e9gh\u00e1zunkban.\" \/>\n<meta name=\"robots\" content=\"index, follow, max-snippet:-1, max-image-preview:large, max-video-preview:-1\" \/>\n<link rel=\"canonical\" href=\"https:\/\/colonianatura.hu\/apartmanpark\/juno-apartman\/\" \/>\n<meta property=\"og:locale\" content=\"en_US\" \/>\n<meta property=\"og:type\" content=\"article\" \/>\n<meta property=\"og:title\" content=\"Juno apartment - Colonia Natura T\u00f6rt\u00e9nelmi Apartmanpark\" \/>\n<meta property=\"og:description\" content=\"Vid\u00e9ki elvonul\u00e1sra v\u00e1gytok? T\u00f6ltekezzetek a vid\u00e9k energi\u00e1ib\u00f3l, \u00e9lvezz\u00e9tek a pihen\u00e9st kettesben, vagy bar\u00e1tokkal hangulatos vend\u00e9gh\u00e1zunkban.\" \/>\n<meta property=\"og:url\" content=\"https:\/\/colonianatura.hu\/apartmanpark\/juno-apartman\/\" \/>\n<meta property=\"og:site_name\" content=\"Colonia Natura T\u00f6rt\u00e9nelmi Apartmanpark\" \/>\n<meta property=\"article:publisher\" content=\"https:\/\/facebook.com\/colonianatura\/\" \/>\n<meta property=\"article:modified_time\" content=\"2024-10-26T08:07:45+00:00\" \/>\n<meta property=\"og:image\" content=\"https:\/\/colonianatura.hu\/wp-content\/uploads\/2024\/01\/Juno_1-scaled.jpg\" \/>\n\t<meta property=\"og:image:width\" content=\"2560\" \/>\n\t<meta property=\"og:image:height\" content=\"1920\" \/>\n\t<meta property=\"og:image:type\" content=\"image\/jpeg\" \/>\n<meta name=\"twitter:card\" content=\"summary_large_image\" \/>\n<meta name=\"twitter:label1\" content=\"Est. reading time\" \/>\n\t<meta name=\"twitter:data1\" content=\"2 minutes\" \/>\n<script type=\"application\/ld+json\" class=\"yoast-schema-graph\">{\"@context\":\"https:\\\/\\\/schema.org\",\"@graph\":[{\"@type\":\"WebPage\",\"@id\":\"https:\\\/\\\/colonianatura.hu\\\/apartmanpark\\\/juno-apartman\\\/\",\"url\":\"https:\\\/\\\/colonianatura.hu\\\/apartmanpark\\\/juno-apartman\\\/\",\"name\":\"[:hu]Juno Apartman[:en]Juno apartment[:] - Colonia Natura T\u00f6rt\u00e9nelmi Apartmanpark\",\"isPartOf\":{\"@id\":\"https:\\\/\\\/colonianatura.hu\\\/#website\"},\"primaryImageOfPage\":{\"@id\":\"https:\\\/\\\/colonianatura.hu\\\/apartmanpark\\\/juno-apartman\\\/#primaryimage\"},\"image\":{\"@id\":\"https:\\\/\\\/colonianatura.hu\\\/apartmanpark\\\/juno-apartman\\\/#primaryimage\"},\"thumbnailUrl\":\"https:\\\/\\\/colonianatura.hu\\\/wp-content\\\/uploads\\\/2024\\\/01\\\/Juno_1-scaled.jpg\",\"datePublished\":\"2024-01-11T17:00:51+00:00\",\"dateModified\":\"2024-10-26T08:07:45+00:00\",\"description\":\"Vid\u00e9ki elvonul\u00e1sra v\u00e1gytok? T\u00f6ltekezzetek a vid\u00e9k energi\u00e1ib\u00f3l, \u00e9lvezz\u00e9tek a pihen\u00e9st kettesben, vagy bar\u00e1tokkal hangulatos vend\u00e9gh\u00e1zunkban.\",\"breadcrumb\":{\"@id\":\"https:\\\/\\\/colonianatura.hu\\\/apartmanpark\\\/juno-apartman\\\/#breadcrumb\"},\"inLanguage\":\"en-US\",\"potentialAction\":[{\"@type\":\"ReadAction\",\"target\":[\"https:\\\/\\\/colonianatura.hu\\\/apartmanpark\\\/juno-apartman\\\/\"]}]},{\"@type\":\"ImageObject\",\"inLanguage\":\"en-US\",\"@id\":\"https:\\\/\\\/colonianatura.hu\\\/apartmanpark\\\/juno-apartman\\\/#primaryimage\",\"url\":\"https:\\\/\\\/colonianatura.hu\\\/wp-content\\\/uploads\\\/2024\\\/01\\\/Juno_1-scaled.jpg\",\"contentUrl\":\"https:\\\/\\\/colonianatura.hu\\\/wp-content\\\/uploads\\\/2024\\\/01\\\/Juno_1-scaled.jpg\",\"width\":2560,\"height\":1920},{\"@type\":\"BreadcrumbList\",\"@id\":\"https:\\\/\\\/colonianatura.hu\\\/apartmanpark\\\/juno-apartman\\\/#breadcrumb\",\"itemListElement\":[{\"@type\":\"ListItem\",\"position\":1,\"name\":\"Startseite\",\"item\":\"https:\\\/\\\/colonianatura.hu\\\/\"},{\"@type\":\"ListItem\",\"position\":2,\"name\":\"Apartman&shy;park\",\"item\":\"https:\\\/\\\/colonianatura.hu\\\/apartmanpark\\\/\"},{\"@type\":\"ListItem\",\"position\":3,\"name\":\"Juno Apartman\"}]},{\"@type\":\"WebSite\",\"@id\":\"https:\\\/\\\/colonianatura.hu\\\/#website\",\"url\":\"https:\\\/\\\/colonianatura.hu\\\/\",\"name\":\"Colonia Natura Apartmanpark\",\"description\":\"Colonia Natura\",\"potentialAction\":[{\"@type\":\"SearchAction\",\"target\":{\"@type\":\"EntryPoint\",\"urlTemplate\":\"https:\\\/\\\/colonianatura.hu\\\/?s={search_term_string}\"},\"query-input\":{\"@type\":\"PropertyValueSpecification\",\"valueRequired\":true,\"valueName\":\"search_term_string\"}}],\"inLanguage\":\"en-US\"}]}<\/script>\n<!-- \/ Yoast SEO plugin. -->","yoast_head_json":{"title":"[:hu]Juno Apartman[:en]Juno apartment[:] - Colonia Natura T\u00f6rt\u00e9nelmi Apartmanpark","description":"Vid\u00e9ki elvonul\u00e1sra v\u00e1gytok? T\u00f6ltekezzetek a vid\u00e9k energi\u00e1ib\u00f3l, \u00e9lvezz\u00e9tek a pihen\u00e9st kettesben, vagy bar\u00e1tokkal hangulatos vend\u00e9gh\u00e1zunkban.","robots":{"index":"index","follow":"follow","max-snippet":"max-snippet:-1","max-image-preview":"max-image-preview:large","max-video-preview":"max-video-preview:-1"},"canonical":"https:\/\/colonianatura.hu\/apartmanpark\/juno-apartman\/","og_locale":"en_US","og_type":"article","og_title":"Juno apartment - Colonia Natura T\u00f6rt\u00e9nelmi Apartmanpark","og_description":"Vid\u00e9ki elvonul\u00e1sra v\u00e1gytok? T\u00f6ltekezzetek a vid\u00e9k energi\u00e1ib\u00f3l, \u00e9lvezz\u00e9tek a pihen\u00e9st kettesben, vagy bar\u00e1tokkal hangulatos vend\u00e9gh\u00e1zunkban.","og_url":"https:\/\/colonianatura.hu\/apartmanpark\/juno-apartman\/","og_site_name":"Colonia Natura T\u00f6rt\u00e9nelmi Apartmanpark","article_publisher":"https:\/\/facebook.com\/colonianatura\/","article_modified_time":"2024-10-26T08:07:45+00:00","og_image":[{"width":2560,"height":1920,"url":"https:\/\/colonianatura.hu\/wp-content\/uploads\/2024\/01\/Juno_1-scaled.jpg","type":"image\/jpeg"}],"twitter_card":"summary_large_image","twitter_misc":{"Est. reading time":"2 minutes"},"schema":{"@context":"https:\/\/schema.org","@graph":[{"@type":"WebPage","@id":"https:\/\/colonianatura.hu\/apartmanpark\/juno-apartman\/","url":"https:\/\/colonianatura.hu\/apartmanpark\/juno-apartman\/","name":"[:hu]Juno Apartman[:en]Juno apartment[:] - Colonia Natura T\u00f6rt\u00e9nelmi Apartmanpark","isPartOf":{"@id":"https:\/\/colonianatura.hu\/#website"},"primaryImageOfPage":{"@id":"https:\/\/colonianatura.hu\/apartmanpark\/juno-apartman\/#primaryimage"},"image":{"@id":"https:\/\/colonianatura.hu\/apartmanpark\/juno-apartman\/#primaryimage"},"thumbnailUrl":"https:\/\/colonianatura.hu\/wp-content\/uploads\/2024\/01\/Juno_1-scaled.jpg","datePublished":"2024-01-11T17:00:51+00:00","dateModified":"2024-10-26T08:07:45+00:00","description":"Vid\u00e9ki elvonul\u00e1sra v\u00e1gytok? T\u00f6ltekezzetek a vid\u00e9k energi\u00e1ib\u00f3l, \u00e9lvezz\u00e9tek a pihen\u00e9st kettesben, vagy bar\u00e1tokkal hangulatos vend\u00e9gh\u00e1zunkban.","breadcrumb":{"@id":"https:\/\/colonianatura.hu\/apartmanpark\/juno-apartman\/#breadcrumb"},"inLanguage":"en-US","potentialAction":[{"@type":"ReadAction","target":["https:\/\/colonianatura.hu\/apartmanpark\/juno-apartman\/"]}]},{"@type":"ImageObject","inLanguage":"en-US","@id":"https:\/\/colonianatura.hu\/apartmanpark\/juno-apartman\/#primaryimage","url":"https:\/\/colonianatura.hu\/wp-content\/uploads\/2024\/01\/Juno_1-scaled.jpg","contentUrl":"https:\/\/colonianatura.hu\/wp-content\/uploads\/2024\/01\/Juno_1-scaled.jpg","width":2560,"height":1920},{"@type":"BreadcrumbList","@id":"https:\/\/colonianatura.hu\/apartmanpark\/juno-apartman\/#breadcrumb","itemListElement":[{"@type":"ListItem","position":1,"name":"Startseite","item":"https:\/\/colonianatura.hu\/"},{"@type":"ListItem","position":2,"name":"Apartman&shy;park","item":"https:\/\/colonianatura.hu\/apartmanpark\/"},{"@type":"ListItem","position":3,"name":"Juno Apartman"}]},{"@type":"WebSite","@id":"https:\/\/colonianatura.hu\/#website","url":"https:\/\/colonianatura.hu\/","name":"Colonia Natura Apartmanpark","description":"Colonia Natura","potentialAction":[{"@type":"SearchAction","target":{"@type":"EntryPoint","urlTemplate":"https:\/\/colonianatura.hu\/?s={search_term_string}"},"query-input":{"@type":"PropertyValueSpecification","valueRequired":true,"valueName":"search_term_string"}}],"inLanguage":"en-US"}]}},"_links":{"self":[{"href":"https:\/\/colonianatura.hu\/en\/wp-json\/wp\/v2\/pages\/941","targetHints":{"allow":["GET"]}}],"collection":[{"href":"https:\/\/colonianatura.hu\/en\/wp-json\/wp\/v2\/pages"}],"about":[{"href":"https:\/\/colonianatura.hu\/en\/wp-json\/wp\/v2\/types\/page"}],"author":[{"embeddable":true,"href":"https:\/\/colonianatura.hu\/en\/wp-json\/wp\/v2\/users\/1"}],"replies":[{"embeddable":true,"href":"https:\/\/colonianatura.hu\/en\/wp-json\/wp\/v2\/comments?post=941"}],"version-history":[{"count":23,"href":"https:\/\/colonianatura.hu\/en\/wp-json\/wp\/v2\/pages\/941\/revisions"}],"predecessor-version":[{"id":1395,"href":"https:\/\/colonianatura.hu\/en\/wp-json\/wp\/v2\/pages\/941\/revisions\/1395"}],"up":[{"embeddable":true,"href":"https:\/\/colonianatura.hu\/en\/wp-json\/wp\/v2\/pages\/937"}],"wp:featuredmedia":[{"embeddable":true,"href":"https:\/\/colonianatura.hu\/en\/wp-json\/wp\/v2\/media\/1001"}],"wp:attachment":[{"href":"https:\/\/colonianatura.hu\/en\/wp-json\/wp\/v2\/media?parent=941"}],"curies":[{"name":"wp","href":"https:\/\/api.w.org\/{rel}","templated":true}]}}