{"id":939,"date":"2024-01-11T17:00:36","date_gmt":"2024-01-11T17:00:36","guid":{"rendered":"https:\/\/colonianatura.hu\/?page_id=939"},"modified":"2024-10-26T08:04:54","modified_gmt":"2024-10-26T08:04:54","slug":"jupiter-apartman","status":"publish","type":"page","link":"https:\/\/colonianatura.hu\/en\/apartmanpark\/jupiter-apartman\/","title":{"rendered":"Jupiter apartment"},"content":{"rendered":"<p><\/p>\n<p style=\"text-align: center;\">Create unforgettable memories with your partner during a romantic weekend getaway! Our adult-only, Roman-inspired apartments provide the perfect setting to enjoy the serenity and beauty of nature together, while the ambiance of &#8216;pax romana&#8217; gently embraces you.<\/p>\n<p style=\"text-align: center;\">Centuries ago, a Roman colony stretched from Sitke to the banks of the nearby R\u00e1ba River, and the story of this land goes back even further\u20147,000 years. Our countryside apartments are a tribute to the ancient Roman settlement that once guarded the river crossing. Our first apartment is named after the chief Roman god, Jupiter, the protector.<\/p>\n<p style=\"text-align: center;\">Here, your journey begins the moment you step inside. Ancient Roman pottery shards, discovered nearby, adorn the apartment walls, telling the tales of the Roman settlers who once sought refuge in this area. As you cozy up inside, relax on the terrace, or lounge in the shade of the porch columns, you\u2019ll feel the unique atmosphere of history and nature around you.<\/p>\n<p style=\"text-align: center;\">Designed for two, this 35-square-meter apartment offers complete rural seclusion, along with a 12-square-meter terrace overlooking the gentle slopes of Hercseg Hill. The bedroom features a comfortable double bed, while the open-plan living room and kitchen provide a cozy space with all the amenities you need, including a well-equipped kitchen, a comfy sofa, towels, linens, a hairdryer, iron, microwave, washing machine, coffee maker, kettle, and Wi-Fi. For a true escape, the apartment is smoke-free and TV-free.<\/p>\n<p style=\"text-align: center;\">Sustainability is also a priority: solar panels power the air conditioning, and there\u2019s a cozy fireplace for cooler months. On sunny days, relax on the terrace furniture and soak in the tranquility and stunning views.<\/p>\n<p style=\"text-align: center;\">This is your perfect escape for reconnecting with each other\u2014just the two of you, with nothing else to worry about.<\/p>\n<p style=\"text-align: center;\"><strong>Services<\/strong><\/p>\n<p style=\"text-align: center;\">35 m2, 1 bedroom, living room-kitchen-dining room<\/p>\n<p style=\"text-align: center;\">For 2 people<\/p>\n<p style=\"text-align: center;\">Equipped kitchen<\/p>\n<p style=\"text-align: center;\">Bathroom, WC<\/p>\n<p style=\"text-align: center;\">Non-smoking<\/p>\n<p style=\"text-align: center;\">Naturally climatized, personally adjustable heating system<\/p>\n<p style=\"text-align: center;\">Free Wi-Fi<\/p>\n<p style=\"text-align: center;\">Bedsheets, towels<\/p>\n<p style=\"text-align: center;\">Hair dryer<\/p>\n<p><\/p>\n<div style=\"text-align: center; margin-top: 50px;\"><h2>Jupiter apartment.The booking currently not available: Jupiter apartment.<\/h2><\/div>","protected":false},"excerpt":{"rendered":"<p>Create unforgettable memories with your partner during a romantic weekend getaway! Our adult-only, Roman-inspired apartments provide the perfect setting to&#8230;<\/p>\n","protected":false},"author":1,"featured_media":1002,"parent":937,"menu_order":5,"comment_status":"closed","ping_status":"closed","template":"","meta":{"footnotes":""},"class_list":["post-939","page","type-page","status-publish","has-post-thumbnail","hentry"],"acf":[],"yoast_head":"<!-- This site is optimized with the Yoast SEO plugin v27.4 - https:\/\/yoast.com\/product\/yoast-seo-wordpress\/ -->\n<title>Jupiter apartment - Colonia Natura T\u00f6rt\u00e9nelmi Apartmanpark<\/title>\n<meta name=\"description\" content=\"K\u00fcl\u00f6nleges b\u00fav\u00f3hely term\u00e9szetes, vid\u00e9ki k\u00f6rnyezetben. Egyedi \u00e9lm\u00e9nyt ny\u00fajt\u00f3, feln\u0151ttbar\u00e1t vend\u00e9gh\u00e1z p\u00e1roknak.\" \/>\n<meta name=\"robots\" content=\"index, follow, max-snippet:-1, max-image-preview:large, max-video-preview:-1\" \/>\n<link rel=\"canonical\" href=\"https:\/\/colonianatura.hu\/apartmanpark\/jupiter-apartman\/\" \/>\n<meta property=\"og:locale\" content=\"en_US\" \/>\n<meta property=\"og:type\" content=\"article\" \/>\n<meta property=\"og:title\" content=\"Jupiter apartment - Colonia Natura T\u00f6rt\u00e9nelmi Apartmanpark\" \/>\n<meta property=\"og:description\" content=\"K\u00fcl\u00f6nleges b\u00fav\u00f3hely term\u00e9szetes, vid\u00e9ki k\u00f6rnyezetben. Egyedi \u00e9lm\u00e9nyt ny\u00fajt\u00f3, feln\u0151ttbar\u00e1t vend\u00e9gh\u00e1z p\u00e1roknak.\" \/>\n<meta property=\"og:url\" content=\"https:\/\/colonianatura.hu\/apartmanpark\/jupiter-apartman\/\" \/>\n<meta property=\"og:site_name\" content=\"Colonia Natura T\u00f6rt\u00e9nelmi Apartmanpark\" \/>\n<meta property=\"article:publisher\" content=\"https:\/\/facebook.com\/colonianatura\/\" \/>\n<meta property=\"article:modified_time\" content=\"2024-10-26T08:04:54+00:00\" \/>\n<meta property=\"og:image\" content=\"https:\/\/colonianatura.hu\/wp-content\/uploads\/2024\/01\/Jupiter_1-scaled.jpg\" \/>\n\t<meta property=\"og:image:width\" content=\"2560\" \/>\n\t<meta property=\"og:image:height\" content=\"1920\" \/>\n\t<meta property=\"og:image:type\" content=\"image\/jpeg\" \/>\n<meta name=\"twitter:card\" content=\"summary_large_image\" \/>\n<meta name=\"twitter:label1\" content=\"Est. reading time\" \/>\n\t<meta name=\"twitter:data1\" content=\"2 minutes\" \/>\n<script type=\"application\/ld+json\" class=\"yoast-schema-graph\">{\"@context\":\"https:\\\/\\\/schema.org\",\"@graph\":[{\"@type\":\"WebPage\",\"@id\":\"https:\\\/\\\/colonianatura.hu\\\/apartmanpark\\\/jupiter-apartman\\\/\",\"url\":\"https:\\\/\\\/colonianatura.hu\\\/apartmanpark\\\/jupiter-apartman\\\/\",\"name\":\"[:hu]Jupiter Apartman[:en]Jupiter apartment[:] - Colonia Natura T\u00f6rt\u00e9nelmi Apartmanpark\",\"isPartOf\":{\"@id\":\"https:\\\/\\\/colonianatura.hu\\\/#website\"},\"primaryImageOfPage\":{\"@id\":\"https:\\\/\\\/colonianatura.hu\\\/apartmanpark\\\/jupiter-apartman\\\/#primaryimage\"},\"image\":{\"@id\":\"https:\\\/\\\/colonianatura.hu\\\/apartmanpark\\\/jupiter-apartman\\\/#primaryimage\"},\"thumbnailUrl\":\"https:\\\/\\\/colonianatura.hu\\\/wp-content\\\/uploads\\\/2024\\\/01\\\/Jupiter_1-scaled.jpg\",\"datePublished\":\"2024-01-11T17:00:36+00:00\",\"dateModified\":\"2024-10-26T08:04:54+00:00\",\"description\":\"K\u00fcl\u00f6nleges b\u00fav\u00f3hely term\u00e9szetes, vid\u00e9ki k\u00f6rnyezetben. Egyedi \u00e9lm\u00e9nyt ny\u00fajt\u00f3, feln\u0151ttbar\u00e1t vend\u00e9gh\u00e1z p\u00e1roknak.\",\"breadcrumb\":{\"@id\":\"https:\\\/\\\/colonianatura.hu\\\/apartmanpark\\\/jupiter-apartman\\\/#breadcrumb\"},\"inLanguage\":\"en-US\",\"potentialAction\":[{\"@type\":\"ReadAction\",\"target\":[\"https:\\\/\\\/colonianatura.hu\\\/apartmanpark\\\/jupiter-apartman\\\/\"]}]},{\"@type\":\"ImageObject\",\"inLanguage\":\"en-US\",\"@id\":\"https:\\\/\\\/colonianatura.hu\\\/apartmanpark\\\/jupiter-apartman\\\/#primaryimage\",\"url\":\"https:\\\/\\\/colonianatura.hu\\\/wp-content\\\/uploads\\\/2024\\\/01\\\/Jupiter_1-scaled.jpg\",\"contentUrl\":\"https:\\\/\\\/colonianatura.hu\\\/wp-content\\\/uploads\\\/2024\\\/01\\\/Jupiter_1-scaled.jpg\",\"width\":2560,\"height\":1920},{\"@type\":\"BreadcrumbList\",\"@id\":\"https:\\\/\\\/colonianatura.hu\\\/apartmanpark\\\/jupiter-apartman\\\/#breadcrumb\",\"itemListElement\":[{\"@type\":\"ListItem\",\"position\":1,\"name\":\"Startseite\",\"item\":\"https:\\\/\\\/colonianatura.hu\\\/\"},{\"@type\":\"ListItem\",\"position\":2,\"name\":\"Apartman&shy;park\",\"item\":\"https:\\\/\\\/colonianatura.hu\\\/apartmanpark\\\/\"},{\"@type\":\"ListItem\",\"position\":3,\"name\":\"Jupiter Apartman\"}]},{\"@type\":\"WebSite\",\"@id\":\"https:\\\/\\\/colonianatura.hu\\\/#website\",\"url\":\"https:\\\/\\\/colonianatura.hu\\\/\",\"name\":\"Colonia Natura Apartmanpark\",\"description\":\"Colonia Natura\",\"potentialAction\":[{\"@type\":\"SearchAction\",\"target\":{\"@type\":\"EntryPoint\",\"urlTemplate\":\"https:\\\/\\\/colonianatura.hu\\\/?s={search_term_string}\"},\"query-input\":{\"@type\":\"PropertyValueSpecification\",\"valueRequired\":true,\"valueName\":\"search_term_string\"}}],\"inLanguage\":\"en-US\"}]}<\/script>\n<!-- \/ Yoast SEO plugin. -->","yoast_head_json":{"title":"[:hu]Jupiter Apartman[:en]Jupiter apartment[:] - Colonia Natura T\u00f6rt\u00e9nelmi Apartmanpark","description":"K\u00fcl\u00f6nleges b\u00fav\u00f3hely term\u00e9szetes, vid\u00e9ki k\u00f6rnyezetben. Egyedi \u00e9lm\u00e9nyt ny\u00fajt\u00f3, feln\u0151ttbar\u00e1t vend\u00e9gh\u00e1z p\u00e1roknak.","robots":{"index":"index","follow":"follow","max-snippet":"max-snippet:-1","max-image-preview":"max-image-preview:large","max-video-preview":"max-video-preview:-1"},"canonical":"https:\/\/colonianatura.hu\/apartmanpark\/jupiter-apartman\/","og_locale":"en_US","og_type":"article","og_title":"Jupiter apartment - Colonia Natura T\u00f6rt\u00e9nelmi Apartmanpark","og_description":"K\u00fcl\u00f6nleges b\u00fav\u00f3hely term\u00e9szetes, vid\u00e9ki k\u00f6rnyezetben. Egyedi \u00e9lm\u00e9nyt ny\u00fajt\u00f3, feln\u0151ttbar\u00e1t vend\u00e9gh\u00e1z p\u00e1roknak.","og_url":"https:\/\/colonianatura.hu\/apartmanpark\/jupiter-apartman\/","og_site_name":"Colonia Natura T\u00f6rt\u00e9nelmi Apartmanpark","article_publisher":"https:\/\/facebook.com\/colonianatura\/","article_modified_time":"2024-10-26T08:04:54+00:00","og_image":[{"width":2560,"height":1920,"url":"https:\/\/colonianatura.hu\/wp-content\/uploads\/2024\/01\/Jupiter_1-scaled.jpg","type":"image\/jpeg"}],"twitter_card":"summary_large_image","twitter_misc":{"Est. reading time":"2 minutes"},"schema":{"@context":"https:\/\/schema.org","@graph":[{"@type":"WebPage","@id":"https:\/\/colonianatura.hu\/apartmanpark\/jupiter-apartman\/","url":"https:\/\/colonianatura.hu\/apartmanpark\/jupiter-apartman\/","name":"[:hu]Jupiter Apartman[:en]Jupiter apartment[:] - Colonia Natura T\u00f6rt\u00e9nelmi Apartmanpark","isPartOf":{"@id":"https:\/\/colonianatura.hu\/#website"},"primaryImageOfPage":{"@id":"https:\/\/colonianatura.hu\/apartmanpark\/jupiter-apartman\/#primaryimage"},"image":{"@id":"https:\/\/colonianatura.hu\/apartmanpark\/jupiter-apartman\/#primaryimage"},"thumbnailUrl":"https:\/\/colonianatura.hu\/wp-content\/uploads\/2024\/01\/Jupiter_1-scaled.jpg","datePublished":"2024-01-11T17:00:36+00:00","dateModified":"2024-10-26T08:04:54+00:00","description":"K\u00fcl\u00f6nleges b\u00fav\u00f3hely term\u00e9szetes, vid\u00e9ki k\u00f6rnyezetben. Egyedi \u00e9lm\u00e9nyt ny\u00fajt\u00f3, feln\u0151ttbar\u00e1t vend\u00e9gh\u00e1z p\u00e1roknak.","breadcrumb":{"@id":"https:\/\/colonianatura.hu\/apartmanpark\/jupiter-apartman\/#breadcrumb"},"inLanguage":"en-US","potentialAction":[{"@type":"ReadAction","target":["https:\/\/colonianatura.hu\/apartmanpark\/jupiter-apartman\/"]}]},{"@type":"ImageObject","inLanguage":"en-US","@id":"https:\/\/colonianatura.hu\/apartmanpark\/jupiter-apartman\/#primaryimage","url":"https:\/\/colonianatura.hu\/wp-content\/uploads\/2024\/01\/Jupiter_1-scaled.jpg","contentUrl":"https:\/\/colonianatura.hu\/wp-content\/uploads\/2024\/01\/Jupiter_1-scaled.jpg","width":2560,"height":1920},{"@type":"BreadcrumbList","@id":"https:\/\/colonianatura.hu\/apartmanpark\/jupiter-apartman\/#breadcrumb","itemListElement":[{"@type":"ListItem","position":1,"name":"Startseite","item":"https:\/\/colonianatura.hu\/"},{"@type":"ListItem","position":2,"name":"Apartman&shy;park","item":"https:\/\/colonianatura.hu\/apartmanpark\/"},{"@type":"ListItem","position":3,"name":"Jupiter Apartman"}]},{"@type":"WebSite","@id":"https:\/\/colonianatura.hu\/#website","url":"https:\/\/colonianatura.hu\/","name":"Colonia Natura Apartmanpark","description":"Colonia Natura","potentialAction":[{"@type":"SearchAction","target":{"@type":"EntryPoint","urlTemplate":"https:\/\/colonianatura.hu\/?s={search_term_string}"},"query-input":{"@type":"PropertyValueSpecification","valueRequired":true,"valueName":"search_term_string"}}],"inLanguage":"en-US"}]}},"_links":{"self":[{"href":"https:\/\/colonianatura.hu\/en\/wp-json\/wp\/v2\/pages\/939","targetHints":{"allow":["GET"]}}],"collection":[{"href":"https:\/\/colonianatura.hu\/en\/wp-json\/wp\/v2\/pages"}],"about":[{"href":"https:\/\/colonianatura.hu\/en\/wp-json\/wp\/v2\/types\/page"}],"author":[{"embeddable":true,"href":"https:\/\/colonianatura.hu\/en\/wp-json\/wp\/v2\/users\/1"}],"replies":[{"embeddable":true,"href":"https:\/\/colonianatura.hu\/en\/wp-json\/wp\/v2\/comments?post=939"}],"version-history":[{"count":37,"href":"https:\/\/colonianatura.hu\/en\/wp-json\/wp\/v2\/pages\/939\/revisions"}],"predecessor-version":[{"id":1396,"href":"https:\/\/colonianatura.hu\/en\/wp-json\/wp\/v2\/pages\/939\/revisions\/1396"}],"up":[{"embeddable":true,"href":"https:\/\/colonianatura.hu\/en\/wp-json\/wp\/v2\/pages\/937"}],"wp:featuredmedia":[{"embeddable":true,"href":"https:\/\/colonianatura.hu\/en\/wp-json\/wp\/v2\/media\/1002"}],"wp:attachment":[{"href":"https:\/\/colonianatura.hu\/en\/wp-json\/wp\/v2\/media?parent=939"}],"curies":[{"name":"wp","href":"https:\/\/api.w.org\/{rel}","templated":true}]}}