{"id":937,"date":"2024-01-11T17:00:21","date_gmt":"2024-01-11T17:00:21","guid":{"rendered":"https:\/\/colonianatura.hu\/?page_id=937"},"modified":"2024-10-26T19:55:09","modified_gmt":"2024-10-26T19:55:09","slug":"apartmanpark","status":"publish","type":"page","link":"https:\/\/colonianatura.hu\/en\/apartmanpark\/","title":{"rendered":"Apartment Park"},"content":{"rendered":"<p><\/p>\n<p style=\"text-align: center;\">Nestled in nature, our apartment park offers an ideal setting for those seeking peace, relaxation, and a stress-free environment. Couples who visit us value the opportunity to spend quality time together in a special and romantic location, far from the familiar. The unique style and idyllic setting of our apartments create the perfect backdrop for romantic weekends. If you\u2019re searching for something different and distinctive, our Roman-style apartments and the park\u2019s historical atmosphere promise an unforgettable experience.<\/p>\n<p style=\"text-align: center;\">Located at the gateway to the Kemenesh\u00e1t region, in the ancient village of Sitke, our discreet, timelessly designed apartments \u2014 Jupiter, Juno, Vulcanus, Minerva, and Mystis \u2014 offer the ultimate retreat and recharge experience.<\/p>\n<p style=\"text-align: center;\">Our half-hectare adult- and pet-friendly apartment park provides a variety of unique amenities to ensure your stay is as enriching as possible.<\/p>\n<p style=\"text-align: center;\"><strong>In the park, you\u2019ll find:<\/strong><\/p>\n<p style=\"text-align: center;\">Grill terrace<\/p>\n<p style=\"text-align: center;\">bike rental<\/p>\n<p style=\"text-align: center;\">Gladoratorium<br \/>\n(arena- with gladiator training in authentic equipment)<\/p>\n<p style=\"text-align: center;\">herbarium<\/p>\n<p style=\"text-align: center;\">free closed parking lot<\/p>\n<p style=\"text-align: center;\">orchard<\/p>\n<p style=\"text-align: center;\"><strong>Payment options:<\/strong><\/p>\n<p style=\"text-align: center;\">bank transfer, cash<\/p>\n<p><\/p>","protected":false},"excerpt":{"rendered":"<p>Nestled in nature, our apartment park offers an ideal setting for those seeking peace, relaxation, and a stress-free environment. Couples&#8230;<\/p>\n","protected":false},"author":1,"featured_media":962,"parent":0,"menu_order":4,"comment_status":"closed","ping_status":"closed","template":"","meta":{"footnotes":""},"class_list":["post-937","page","type-page","status-publish","has-post-thumbnail","hentry"],"acf":[],"yoast_head":"<!-- This site is optimized with the Yoast SEO plugin v27.5 - https:\/\/yoast.com\/product\/yoast-seo-wordpress\/ -->\n<title>Apartment Park - Colonia Natura T\u00f6rt\u00e9nelmi Apartmanpark<\/title>\n<meta name=\"description\" content=\"Egyedi, hangulatos apartmanh\u00e1zak, vid\u00e9ki k\u00f6rnyezetben. K\u00fcl\u00f6nleges st\u00edlusuk a r\u00e9gm\u00falt id\u0151k romantik\u00e1j\u00e1t id\u00e9zi meg.\" \/>\n<meta name=\"robots\" content=\"index, follow, max-snippet:-1, max-image-preview:large, max-video-preview:-1\" \/>\n<link rel=\"canonical\" href=\"https:\/\/colonianatura.hu\/apartmanpark\/\" \/>\n<meta property=\"og:locale\" content=\"en_US\" \/>\n<meta property=\"og:type\" content=\"article\" \/>\n<meta property=\"og:title\" content=\"Apartment Park - Colonia Natura T\u00f6rt\u00e9nelmi Apartmanpark\" \/>\n<meta property=\"og:description\" content=\"Egyedi, hangulatos apartmanh\u00e1zak, vid\u00e9ki k\u00f6rnyezetben. K\u00fcl\u00f6nleges st\u00edlusuk a r\u00e9gm\u00falt id\u0151k romantik\u00e1j\u00e1t id\u00e9zi meg.\" \/>\n<meta property=\"og:url\" content=\"https:\/\/colonianatura.hu\/apartmanpark\/\" \/>\n<meta property=\"og:site_name\" content=\"Colonia Natura T\u00f6rt\u00e9nelmi Apartmanpark\" \/>\n<meta property=\"article:publisher\" content=\"https:\/\/facebook.com\/colonianatura\/\" \/>\n<meta property=\"article:modified_time\" content=\"2024-10-26T19:55:09+00:00\" \/>\n<meta property=\"og:image\" content=\"https:\/\/colonianatura.hu\/wp-content\/uploads\/2024\/01\/paving-antique-street-ruins-ancient-city-side-now-manavgat-turkey_EDIT-scaled.jpg\" \/>\n\t<meta property=\"og:image:width\" content=\"2560\" \/>\n\t<meta property=\"og:image:height\" content=\"1707\" \/>\n\t<meta property=\"og:image:type\" content=\"image\/jpeg\" \/>\n<meta name=\"twitter:card\" content=\"summary_large_image\" \/>\n<meta name=\"twitter:label1\" content=\"Est. reading time\" \/>\n\t<meta name=\"twitter:data1\" content=\"2 minutes\" \/>\n<script type=\"application\/ld+json\" class=\"yoast-schema-graph\">{\"@context\":\"https:\\\/\\\/schema.org\",\"@graph\":[{\"@type\":\"WebPage\",\"@id\":\"https:\\\/\\\/colonianatura.hu\\\/apartmanpark\\\/\",\"url\":\"https:\\\/\\\/colonianatura.hu\\\/apartmanpark\\\/\",\"name\":\"[:hu]Apartman&shy;park[:en]Apartment Park[:] - Colonia Natura T\u00f6rt\u00e9nelmi Apartmanpark\",\"isPartOf\":{\"@id\":\"https:\\\/\\\/colonianatura.hu\\\/#website\"},\"primaryImageOfPage\":{\"@id\":\"https:\\\/\\\/colonianatura.hu\\\/apartmanpark\\\/#primaryimage\"},\"image\":{\"@id\":\"https:\\\/\\\/colonianatura.hu\\\/apartmanpark\\\/#primaryimage\"},\"thumbnailUrl\":\"https:\\\/\\\/colonianatura.hu\\\/wp-content\\\/uploads\\\/2024\\\/01\\\/paving-antique-street-ruins-ancient-city-side-now-manavgat-turkey_EDIT-scaled.jpg\",\"datePublished\":\"2024-01-11T17:00:21+00:00\",\"dateModified\":\"2024-10-26T19:55:09+00:00\",\"description\":\"Egyedi, hangulatos apartmanh\u00e1zak, vid\u00e9ki k\u00f6rnyezetben. K\u00fcl\u00f6nleges st\u00edlusuk a r\u00e9gm\u00falt id\u0151k romantik\u00e1j\u00e1t id\u00e9zi meg.\",\"breadcrumb\":{\"@id\":\"https:\\\/\\\/colonianatura.hu\\\/apartmanpark\\\/#breadcrumb\"},\"inLanguage\":\"en-US\",\"potentialAction\":[{\"@type\":\"ReadAction\",\"target\":[\"https:\\\/\\\/colonianatura.hu\\\/apartmanpark\\\/\"]}]},{\"@type\":\"ImageObject\",\"inLanguage\":\"en-US\",\"@id\":\"https:\\\/\\\/colonianatura.hu\\\/apartmanpark\\\/#primaryimage\",\"url\":\"https:\\\/\\\/colonianatura.hu\\\/wp-content\\\/uploads\\\/2024\\\/01\\\/paving-antique-street-ruins-ancient-city-side-now-manavgat-turkey_EDIT-scaled.jpg\",\"contentUrl\":\"https:\\\/\\\/colonianatura.hu\\\/wp-content\\\/uploads\\\/2024\\\/01\\\/paving-antique-street-ruins-ancient-city-side-now-manavgat-turkey_EDIT-scaled.jpg\",\"width\":2560,\"height\":1707,\"caption\":\"paving of antique street in the ruins of the ancient city of Side (now Manavgat, Turkey)\"},{\"@type\":\"BreadcrumbList\",\"@id\":\"https:\\\/\\\/colonianatura.hu\\\/apartmanpark\\\/#breadcrumb\",\"itemListElement\":[{\"@type\":\"ListItem\",\"position\":1,\"name\":\"Startseite\",\"item\":\"https:\\\/\\\/colonianatura.hu\\\/\"},{\"@type\":\"ListItem\",\"position\":2,\"name\":\"Apartman&shy;park\"}]},{\"@type\":\"WebSite\",\"@id\":\"https:\\\/\\\/colonianatura.hu\\\/#website\",\"url\":\"https:\\\/\\\/colonianatura.hu\\\/\",\"name\":\"Colonia Natura Apartmanpark\",\"description\":\"Colonia Natura\",\"potentialAction\":[{\"@type\":\"SearchAction\",\"target\":{\"@type\":\"EntryPoint\",\"urlTemplate\":\"https:\\\/\\\/colonianatura.hu\\\/?s={search_term_string}\"},\"query-input\":{\"@type\":\"PropertyValueSpecification\",\"valueRequired\":true,\"valueName\":\"search_term_string\"}}],\"inLanguage\":\"en-US\"}]}<\/script>\n<!-- \/ Yoast SEO plugin. -->","yoast_head_json":{"title":"[:hu]Apartman&shy;park[:en]Apartment Park[:] - Colonia Natura T\u00f6rt\u00e9nelmi Apartmanpark","description":"Egyedi, hangulatos apartmanh\u00e1zak, vid\u00e9ki k\u00f6rnyezetben. K\u00fcl\u00f6nleges st\u00edlusuk a r\u00e9gm\u00falt id\u0151k romantik\u00e1j\u00e1t id\u00e9zi meg.","robots":{"index":"index","follow":"follow","max-snippet":"max-snippet:-1","max-image-preview":"max-image-preview:large","max-video-preview":"max-video-preview:-1"},"canonical":"https:\/\/colonianatura.hu\/apartmanpark\/","og_locale":"en_US","og_type":"article","og_title":"Apartment Park - Colonia Natura T\u00f6rt\u00e9nelmi Apartmanpark","og_description":"Egyedi, hangulatos apartmanh\u00e1zak, vid\u00e9ki k\u00f6rnyezetben. K\u00fcl\u00f6nleges st\u00edlusuk a r\u00e9gm\u00falt id\u0151k romantik\u00e1j\u00e1t id\u00e9zi meg.","og_url":"https:\/\/colonianatura.hu\/apartmanpark\/","og_site_name":"Colonia Natura T\u00f6rt\u00e9nelmi Apartmanpark","article_publisher":"https:\/\/facebook.com\/colonianatura\/","article_modified_time":"2024-10-26T19:55:09+00:00","og_image":[{"width":2560,"height":1707,"url":"https:\/\/colonianatura.hu\/wp-content\/uploads\/2024\/01\/paving-antique-street-ruins-ancient-city-side-now-manavgat-turkey_EDIT-scaled.jpg","type":"image\/jpeg"}],"twitter_card":"summary_large_image","twitter_misc":{"Est. reading time":"2 minutes"},"schema":{"@context":"https:\/\/schema.org","@graph":[{"@type":"WebPage","@id":"https:\/\/colonianatura.hu\/apartmanpark\/","url":"https:\/\/colonianatura.hu\/apartmanpark\/","name":"[:hu]Apartman&shy;park[:en]Apartment Park[:] - Colonia Natura T\u00f6rt\u00e9nelmi Apartmanpark","isPartOf":{"@id":"https:\/\/colonianatura.hu\/#website"},"primaryImageOfPage":{"@id":"https:\/\/colonianatura.hu\/apartmanpark\/#primaryimage"},"image":{"@id":"https:\/\/colonianatura.hu\/apartmanpark\/#primaryimage"},"thumbnailUrl":"https:\/\/colonianatura.hu\/wp-content\/uploads\/2024\/01\/paving-antique-street-ruins-ancient-city-side-now-manavgat-turkey_EDIT-scaled.jpg","datePublished":"2024-01-11T17:00:21+00:00","dateModified":"2024-10-26T19:55:09+00:00","description":"Egyedi, hangulatos apartmanh\u00e1zak, vid\u00e9ki k\u00f6rnyezetben. K\u00fcl\u00f6nleges st\u00edlusuk a r\u00e9gm\u00falt id\u0151k romantik\u00e1j\u00e1t id\u00e9zi meg.","breadcrumb":{"@id":"https:\/\/colonianatura.hu\/apartmanpark\/#breadcrumb"},"inLanguage":"en-US","potentialAction":[{"@type":"ReadAction","target":["https:\/\/colonianatura.hu\/apartmanpark\/"]}]},{"@type":"ImageObject","inLanguage":"en-US","@id":"https:\/\/colonianatura.hu\/apartmanpark\/#primaryimage","url":"https:\/\/colonianatura.hu\/wp-content\/uploads\/2024\/01\/paving-antique-street-ruins-ancient-city-side-now-manavgat-turkey_EDIT-scaled.jpg","contentUrl":"https:\/\/colonianatura.hu\/wp-content\/uploads\/2024\/01\/paving-antique-street-ruins-ancient-city-side-now-manavgat-turkey_EDIT-scaled.jpg","width":2560,"height":1707,"caption":"paving of antique street in the ruins of the ancient city of Side (now Manavgat, Turkey)"},{"@type":"BreadcrumbList","@id":"https:\/\/colonianatura.hu\/apartmanpark\/#breadcrumb","itemListElement":[{"@type":"ListItem","position":1,"name":"Startseite","item":"https:\/\/colonianatura.hu\/"},{"@type":"ListItem","position":2,"name":"Apartman&shy;park"}]},{"@type":"WebSite","@id":"https:\/\/colonianatura.hu\/#website","url":"https:\/\/colonianatura.hu\/","name":"Colonia Natura Apartmanpark","description":"Colonia Natura","potentialAction":[{"@type":"SearchAction","target":{"@type":"EntryPoint","urlTemplate":"https:\/\/colonianatura.hu\/?s={search_term_string}"},"query-input":{"@type":"PropertyValueSpecification","valueRequired":true,"valueName":"search_term_string"}}],"inLanguage":"en-US"}]}},"_links":{"self":[{"href":"https:\/\/colonianatura.hu\/en\/wp-json\/wp\/v2\/pages\/937","targetHints":{"allow":["GET"]}}],"collection":[{"href":"https:\/\/colonianatura.hu\/en\/wp-json\/wp\/v2\/pages"}],"about":[{"href":"https:\/\/colonianatura.hu\/en\/wp-json\/wp\/v2\/types\/page"}],"author":[{"embeddable":true,"href":"https:\/\/colonianatura.hu\/en\/wp-json\/wp\/v2\/users\/1"}],"replies":[{"embeddable":true,"href":"https:\/\/colonianatura.hu\/en\/wp-json\/wp\/v2\/comments?post=937"}],"version-history":[{"count":24,"href":"https:\/\/colonianatura.hu\/en\/wp-json\/wp\/v2\/pages\/937\/revisions"}],"predecessor-version":[{"id":1410,"href":"https:\/\/colonianatura.hu\/en\/wp-json\/wp\/v2\/pages\/937\/revisions\/1410"}],"wp:featuredmedia":[{"embeddable":true,"href":"https:\/\/colonianatura.hu\/en\/wp-json\/wp\/v2\/media\/962"}],"wp:attachment":[{"href":"https:\/\/colonianatura.hu\/en\/wp-json\/wp\/v2\/media?parent=937"}],"curies":[{"name":"wp","href":"https:\/\/api.w.org\/{rel}","templated":true}]}}