{"id":898,"date":"2023-08-05T10:23:03","date_gmt":"2023-08-05T10:23:03","guid":{"rendered":"https:\/\/colonianatura.hu\/?page_id=898"},"modified":"2024-10-26T11:19:23","modified_gmt":"2024-10-26T11:19:23","slug":"rendezvenyek","status":"publish","type":"page","link":"https:\/\/colonianatura.hu\/en\/programok\/rendezvenyek\/","title":{"rendered":"Events"},"content":{"rendered":"<p><\/p>\n<h2 style=\"text-align: center;\">Simon-Judas Fair<\/h2>\n<p style=\"text-align: center;\">The national fair, with over 600 years of history, is considered one of the largest autumn events of its kind in Hungary. Vendors offering a wide variety of goods come from all over the country and neighboring nations, with around five hundred stalls expected. This year, the fair will take place on October 26, though it traditionally occurred on October 28 for centuries. The fair is named after St. Simon of Tad\u00e9, the patron saint of hopeless causes, whose cult was carefully preserved by Ferenc N\u00e1dasdy III. Over the centuries, much has changed about the event, including the range of goods offered, adapting to the needs of the times. The number of vendors has also fluctuated, sometimes dwindling, other times swelling to four or five thousand amidst the storms of history. Nowadays, the streets on Friday are filled with the aromas of roasted chestnuts, mulled wine, and traditional street food, while groups of friends gather to eat, drink, and chat among the still-assembling market stalls. On Saturday, a wide selection of goods awaits visitors, ranging from handmade crafts to the most modern consumer products. If you&#8217;re curious to experience a six-century-old fair, mark your calendar for October 25-26 in S\u00e1rv\u00e1r!<\/p>\n<p><\/p>","protected":false},"excerpt":{"rendered":"<p>Simon-Judas Fair The national fair, with over 600 years of history, is considered one of the largest autumn events of&#8230;<\/p>\n","protected":false},"author":1,"featured_media":0,"parent":878,"menu_order":15,"comment_status":"closed","ping_status":"closed","template":"","meta":{"footnotes":""},"class_list":["post-898","page","type-page","status-publish","hentry"],"acf":[],"yoast_head":"<!-- This site is optimized with the Yoast SEO plugin v27.4 - https:\/\/yoast.com\/product\/yoast-seo-wordpress\/ -->\n<title>Events - Colonia Natura T\u00f6rt\u00e9nelmi Apartmanpark<\/title>\n<meta name=\"description\" content=\"S\u00e1rv\u00e1r k\u00f6rny\u00e9ke eg\u00e9sz \u00e9vben izgalmas rendezv\u00e9nyeket k\u00edn\u00e1l. Szabadt\u00e9ri koncertek, hagyom\u00e1ny\u0151rz\u0151 fesztiv\u00e1lok, gasztron\u00f3miai esem\u00e9nyek.\" \/>\n<meta name=\"robots\" content=\"index, follow, max-snippet:-1, max-image-preview:large, max-video-preview:-1\" \/>\n<link rel=\"canonical\" href=\"https:\/\/colonianatura.hu\/programok\/rendezvenyek\/\" \/>\n<meta property=\"og:locale\" content=\"en_US\" \/>\n<meta property=\"og:type\" content=\"article\" \/>\n<meta property=\"og:title\" content=\"Events - Colonia Natura T\u00f6rt\u00e9nelmi Apartmanpark\" \/>\n<meta property=\"og:description\" content=\"S\u00e1rv\u00e1r k\u00f6rny\u00e9ke eg\u00e9sz \u00e9vben izgalmas rendezv\u00e9nyeket k\u00edn\u00e1l. Szabadt\u00e9ri koncertek, hagyom\u00e1ny\u0151rz\u0151 fesztiv\u00e1lok, gasztron\u00f3miai esem\u00e9nyek.\" \/>\n<meta property=\"og:url\" content=\"https:\/\/colonianatura.hu\/programok\/rendezvenyek\/\" \/>\n<meta property=\"og:site_name\" content=\"Colonia Natura T\u00f6rt\u00e9nelmi Apartmanpark\" \/>\n<meta property=\"article:publisher\" content=\"https:\/\/facebook.com\/colonianatura\/\" \/>\n<meta property=\"article:modified_time\" content=\"2024-10-26T11:19:23+00:00\" \/>\n<meta name=\"twitter:card\" content=\"summary_large_image\" \/>\n<meta name=\"twitter:label1\" content=\"Est. reading time\" \/>\n\t<meta name=\"twitter:data1\" content=\"1 minute\" \/>\n<script type=\"application\/ld+json\" class=\"yoast-schema-graph\">{\"@context\":\"https:\\\/\\\/schema.org\",\"@graph\":[{\"@type\":\"WebPage\",\"@id\":\"https:\\\/\\\/colonianatura.hu\\\/programok\\\/rendezvenyek\\\/\",\"url\":\"https:\\\/\\\/colonianatura.hu\\\/programok\\\/rendezvenyek\\\/\",\"name\":\"[:hu]Rendezv\u00e9nyek[:en]Events[:] - Colonia Natura T\u00f6rt\u00e9nelmi Apartmanpark\",\"isPartOf\":{\"@id\":\"https:\\\/\\\/colonianatura.hu\\\/#website\"},\"datePublished\":\"2023-08-05T10:23:03+00:00\",\"dateModified\":\"2024-10-26T11:19:23+00:00\",\"description\":\"S\u00e1rv\u00e1r k\u00f6rny\u00e9ke eg\u00e9sz \u00e9vben izgalmas rendezv\u00e9nyeket k\u00edn\u00e1l. Szabadt\u00e9ri koncertek, hagyom\u00e1ny\u0151rz\u0151 fesztiv\u00e1lok, gasztron\u00f3miai esem\u00e9nyek.\",\"breadcrumb\":{\"@id\":\"https:\\\/\\\/colonianatura.hu\\\/programok\\\/rendezvenyek\\\/#breadcrumb\"},\"inLanguage\":\"en-US\",\"potentialAction\":[{\"@type\":\"ReadAction\",\"target\":[\"https:\\\/\\\/colonianatura.hu\\\/programok\\\/rendezvenyek\\\/\"]}]},{\"@type\":\"BreadcrumbList\",\"@id\":\"https:\\\/\\\/colonianatura.hu\\\/programok\\\/rendezvenyek\\\/#breadcrumb\",\"itemListElement\":[{\"@type\":\"ListItem\",\"position\":1,\"name\":\"Startseite\",\"item\":\"https:\\\/\\\/colonianatura.hu\\\/\"},{\"@type\":\"ListItem\",\"position\":2,\"name\":\"Programok\",\"item\":\"https:\\\/\\\/colonianatura.hu\\\/programok\\\/\"},{\"@type\":\"ListItem\",\"position\":3,\"name\":\"Rendezv\u00e9nyek\"}]},{\"@type\":\"WebSite\",\"@id\":\"https:\\\/\\\/colonianatura.hu\\\/#website\",\"url\":\"https:\\\/\\\/colonianatura.hu\\\/\",\"name\":\"Colonia Natura Apartmanpark\",\"description\":\"Colonia Natura\",\"potentialAction\":[{\"@type\":\"SearchAction\",\"target\":{\"@type\":\"EntryPoint\",\"urlTemplate\":\"https:\\\/\\\/colonianatura.hu\\\/?s={search_term_string}\"},\"query-input\":{\"@type\":\"PropertyValueSpecification\",\"valueRequired\":true,\"valueName\":\"search_term_string\"}}],\"inLanguage\":\"en-US\"}]}<\/script>\n<!-- \/ Yoast SEO plugin. -->","yoast_head_json":{"title":"[:hu]Rendezv\u00e9nyek[:en]Events[:] - Colonia Natura T\u00f6rt\u00e9nelmi Apartmanpark","description":"S\u00e1rv\u00e1r k\u00f6rny\u00e9ke eg\u00e9sz \u00e9vben izgalmas rendezv\u00e9nyeket k\u00edn\u00e1l. Szabadt\u00e9ri koncertek, hagyom\u00e1ny\u0151rz\u0151 fesztiv\u00e1lok, gasztron\u00f3miai esem\u00e9nyek.","robots":{"index":"index","follow":"follow","max-snippet":"max-snippet:-1","max-image-preview":"max-image-preview:large","max-video-preview":"max-video-preview:-1"},"canonical":"https:\/\/colonianatura.hu\/programok\/rendezvenyek\/","og_locale":"en_US","og_type":"article","og_title":"Events - Colonia Natura T\u00f6rt\u00e9nelmi Apartmanpark","og_description":"S\u00e1rv\u00e1r k\u00f6rny\u00e9ke eg\u00e9sz \u00e9vben izgalmas rendezv\u00e9nyeket k\u00edn\u00e1l. Szabadt\u00e9ri koncertek, hagyom\u00e1ny\u0151rz\u0151 fesztiv\u00e1lok, gasztron\u00f3miai esem\u00e9nyek.","og_url":"https:\/\/colonianatura.hu\/programok\/rendezvenyek\/","og_site_name":"Colonia Natura T\u00f6rt\u00e9nelmi Apartmanpark","article_publisher":"https:\/\/facebook.com\/colonianatura\/","article_modified_time":"2024-10-26T11:19:23+00:00","twitter_card":"summary_large_image","twitter_misc":{"Est. reading time":"1 minute"},"schema":{"@context":"https:\/\/schema.org","@graph":[{"@type":"WebPage","@id":"https:\/\/colonianatura.hu\/programok\/rendezvenyek\/","url":"https:\/\/colonianatura.hu\/programok\/rendezvenyek\/","name":"[:hu]Rendezv\u00e9nyek[:en]Events[:] - Colonia Natura T\u00f6rt\u00e9nelmi Apartmanpark","isPartOf":{"@id":"https:\/\/colonianatura.hu\/#website"},"datePublished":"2023-08-05T10:23:03+00:00","dateModified":"2024-10-26T11:19:23+00:00","description":"S\u00e1rv\u00e1r k\u00f6rny\u00e9ke eg\u00e9sz \u00e9vben izgalmas rendezv\u00e9nyeket k\u00edn\u00e1l. Szabadt\u00e9ri koncertek, hagyom\u00e1ny\u0151rz\u0151 fesztiv\u00e1lok, gasztron\u00f3miai esem\u00e9nyek.","breadcrumb":{"@id":"https:\/\/colonianatura.hu\/programok\/rendezvenyek\/#breadcrumb"},"inLanguage":"en-US","potentialAction":[{"@type":"ReadAction","target":["https:\/\/colonianatura.hu\/programok\/rendezvenyek\/"]}]},{"@type":"BreadcrumbList","@id":"https:\/\/colonianatura.hu\/programok\/rendezvenyek\/#breadcrumb","itemListElement":[{"@type":"ListItem","position":1,"name":"Startseite","item":"https:\/\/colonianatura.hu\/"},{"@type":"ListItem","position":2,"name":"Programok","item":"https:\/\/colonianatura.hu\/programok\/"},{"@type":"ListItem","position":3,"name":"Rendezv\u00e9nyek"}]},{"@type":"WebSite","@id":"https:\/\/colonianatura.hu\/#website","url":"https:\/\/colonianatura.hu\/","name":"Colonia Natura Apartmanpark","description":"Colonia Natura","potentialAction":[{"@type":"SearchAction","target":{"@type":"EntryPoint","urlTemplate":"https:\/\/colonianatura.hu\/?s={search_term_string}"},"query-input":{"@type":"PropertyValueSpecification","valueRequired":true,"valueName":"search_term_string"}}],"inLanguage":"en-US"}]}},"_links":{"self":[{"href":"https:\/\/colonianatura.hu\/en\/wp-json\/wp\/v2\/pages\/898","targetHints":{"allow":["GET"]}}],"collection":[{"href":"https:\/\/colonianatura.hu\/en\/wp-json\/wp\/v2\/pages"}],"about":[{"href":"https:\/\/colonianatura.hu\/en\/wp-json\/wp\/v2\/types\/page"}],"author":[{"embeddable":true,"href":"https:\/\/colonianatura.hu\/en\/wp-json\/wp\/v2\/users\/1"}],"replies":[{"embeddable":true,"href":"https:\/\/colonianatura.hu\/en\/wp-json\/wp\/v2\/comments?post=898"}],"version-history":[{"count":4,"href":"https:\/\/colonianatura.hu\/en\/wp-json\/wp\/v2\/pages\/898\/revisions"}],"predecessor-version":[{"id":1365,"href":"https:\/\/colonianatura.hu\/en\/wp-json\/wp\/v2\/pages\/898\/revisions\/1365"}],"up":[{"embeddable":true,"href":"https:\/\/colonianatura.hu\/en\/wp-json\/wp\/v2\/pages\/878"}],"wp:attachment":[{"href":"https:\/\/colonianatura.hu\/en\/wp-json\/wp\/v2\/media?parent=898"}],"curies":[{"name":"wp","href":"https:\/\/api.w.org\/{rel}","templated":true}]}}