{"id":876,"date":"2023-08-04T18:41:48","date_gmt":"2023-08-04T18:41:48","guid":{"rendered":"https:\/\/colonianatura.hu\/?page_id=876"},"modified":"2025-12-10T13:56:14","modified_gmt":"2025-12-10T13:56:14","slug":"araink","status":"publish","type":"page","link":"https:\/\/colonianatura.hu\/en\/araink\/","title":{"rendered":"Prices"},"content":{"rendered":"<strong>Our Prices<\/strong>\r\n<ul>\r\n \t<li><strong>Weekdays from November to June (except Fridays):<\/strong> 30,000 HUF\/house\/night<\/li>\r\n \t<li><strong>Friday to Sunday:<\/strong> 35,000 HUF\/house\/night for 2 people<\/li>\r\n \t<li><strong>Additional guests:<\/strong> +10,000 HUF per person per night<\/li>\r\n \t<li><strong>Single-night stay surcharge:<\/strong> +5,000 HUF<\/li>\r\n \t<li><strong>Adults only, bookings available from age 16 and up<\/strong><\/li>\r\n \t<li><strong>50% deposit<\/strong> is required after booking confirmation. The remaining balance can be paid prior to arrival or on-site.<\/li>\r\n<\/ul>\r\n<strong>Peak Seasons<\/strong>\r\n<ul>\r\n \t<li><strong>Summer Season:<\/strong> July 1 &#8211; August 31 \u2013 50,000 HUF\/night<\/li>\r\n \t<li><strong>Christmas:<\/strong> December 23-30 \u2013 50,000 HUF\/night (minimum 2-night booking required)<\/li>\r\n \t<li><strong>New Year&#8217;s:<\/strong> December 31 &#8211; January 2 \u2013 70,000 HUF\/night (minimum 2-night booking required)<\/li>\r\n<\/ul>\r\nPrices are valid until December 31, 2025.","protected":false},"excerpt":{"rendered":"<p>Our Prices Weekdays from November to June (except Fridays): 30,000 HUF\/house\/night Friday to Sunday: 35,000 HUF\/house\/night for 2 people Additional&#8230;<\/p>\n","protected":false},"author":1,"featured_media":0,"parent":0,"menu_order":20,"comment_status":"closed","ping_status":"closed","template":"","meta":{"footnotes":""},"class_list":["post-876","page","type-page","status-publish","hentry"],"acf":[],"yoast_head":"<!-- This site is optimized with the Yoast SEO plugin v27.4 - https:\/\/yoast.com\/product\/yoast-seo-wordpress\/ -->\n<title>Prices - Colonia Natura T\u00f6rt\u00e9nelmi Apartmanpark<\/title>\n<meta name=\"description\" content=\"Valami igaz\u00e1n egyed\u00fcl\u00e1ll\u00f3 sz\u00e1ll\u00e1st keresel? V\u00e1lassz most romantikus, vid\u00e9ki vend\u00e9gh\u00e1zaink k\u00f6z\u00fcl. P\u00e1rok, bar\u00e1ti t\u00e1rsas\u00e1gok sz\u00e1m\u00e1ra is ide\u00e1lis.\" \/>\n<meta name=\"robots\" content=\"index, follow, max-snippet:-1, max-image-preview:large, max-video-preview:-1\" \/>\n<link rel=\"canonical\" href=\"https:\/\/colonianatura.hu\/araink\/\" \/>\n<meta property=\"og:locale\" content=\"en_US\" \/>\n<meta property=\"og:type\" content=\"article\" \/>\n<meta property=\"og:title\" content=\"Prices - Colonia Natura T\u00f6rt\u00e9nelmi Apartmanpark\" \/>\n<meta property=\"og:description\" content=\"Valami igaz\u00e1n egyed\u00fcl\u00e1ll\u00f3 sz\u00e1ll\u00e1st keresel? V\u00e1lassz most romantikus, vid\u00e9ki vend\u00e9gh\u00e1zaink k\u00f6z\u00fcl. P\u00e1rok, bar\u00e1ti t\u00e1rsas\u00e1gok sz\u00e1m\u00e1ra is ide\u00e1lis.\" \/>\n<meta property=\"og:url\" content=\"https:\/\/colonianatura.hu\/araink\/\" \/>\n<meta property=\"og:site_name\" content=\"Colonia Natura T\u00f6rt\u00e9nelmi Apartmanpark\" \/>\n<meta property=\"article:publisher\" content=\"https:\/\/facebook.com\/colonianatura\/\" \/>\n<meta property=\"article:modified_time\" content=\"2025-12-10T13:56:14+00:00\" \/>\n<meta name=\"twitter:card\" content=\"summary_large_image\" \/>\n<meta name=\"twitter:label1\" content=\"Est. reading time\" \/>\n\t<meta name=\"twitter:data1\" content=\"1 minute\" \/>\n<script type=\"application\/ld+json\" class=\"yoast-schema-graph\">{\"@context\":\"https:\\\/\\\/schema.org\",\"@graph\":[{\"@type\":\"WebPage\",\"@id\":\"https:\\\/\\\/colonianatura.hu\\\/araink\\\/\",\"url\":\"https:\\\/\\\/colonianatura.hu\\\/araink\\\/\",\"name\":\"[:hu]\u00c1raink[:en]Prices[:] - Colonia Natura T\u00f6rt\u00e9nelmi Apartmanpark\",\"isPartOf\":{\"@id\":\"https:\\\/\\\/colonianatura.hu\\\/#website\"},\"datePublished\":\"2023-08-04T18:41:48+00:00\",\"dateModified\":\"2025-12-10T13:56:14+00:00\",\"description\":\"Valami igaz\u00e1n egyed\u00fcl\u00e1ll\u00f3 sz\u00e1ll\u00e1st keresel? V\u00e1lassz most romantikus, vid\u00e9ki vend\u00e9gh\u00e1zaink k\u00f6z\u00fcl. P\u00e1rok, bar\u00e1ti t\u00e1rsas\u00e1gok sz\u00e1m\u00e1ra is ide\u00e1lis.\",\"breadcrumb\":{\"@id\":\"https:\\\/\\\/colonianatura.hu\\\/araink\\\/#breadcrumb\"},\"inLanguage\":\"en-US\",\"potentialAction\":[{\"@type\":\"ReadAction\",\"target\":[\"https:\\\/\\\/colonianatura.hu\\\/araink\\\/\"]}]},{\"@type\":\"BreadcrumbList\",\"@id\":\"https:\\\/\\\/colonianatura.hu\\\/araink\\\/#breadcrumb\",\"itemListElement\":[{\"@type\":\"ListItem\",\"position\":1,\"name\":\"Startseite\",\"item\":\"https:\\\/\\\/colonianatura.hu\\\/\"},{\"@type\":\"ListItem\",\"position\":2,\"name\":\"\u00c1raink\"}]},{\"@type\":\"WebSite\",\"@id\":\"https:\\\/\\\/colonianatura.hu\\\/#website\",\"url\":\"https:\\\/\\\/colonianatura.hu\\\/\",\"name\":\"Colonia Natura Apartmanpark\",\"description\":\"Colonia Natura\",\"potentialAction\":[{\"@type\":\"SearchAction\",\"target\":{\"@type\":\"EntryPoint\",\"urlTemplate\":\"https:\\\/\\\/colonianatura.hu\\\/?s={search_term_string}\"},\"query-input\":{\"@type\":\"PropertyValueSpecification\",\"valueRequired\":true,\"valueName\":\"search_term_string\"}}],\"inLanguage\":\"en-US\"}]}<\/script>\n<!-- \/ Yoast SEO plugin. -->","yoast_head_json":{"title":"[:hu]\u00c1raink[:en]Prices[:] - Colonia Natura T\u00f6rt\u00e9nelmi Apartmanpark","description":"Valami igaz\u00e1n egyed\u00fcl\u00e1ll\u00f3 sz\u00e1ll\u00e1st keresel? V\u00e1lassz most romantikus, vid\u00e9ki vend\u00e9gh\u00e1zaink k\u00f6z\u00fcl. P\u00e1rok, bar\u00e1ti t\u00e1rsas\u00e1gok sz\u00e1m\u00e1ra is ide\u00e1lis.","robots":{"index":"index","follow":"follow","max-snippet":"max-snippet:-1","max-image-preview":"max-image-preview:large","max-video-preview":"max-video-preview:-1"},"canonical":"https:\/\/colonianatura.hu\/araink\/","og_locale":"en_US","og_type":"article","og_title":"Prices - Colonia Natura T\u00f6rt\u00e9nelmi Apartmanpark","og_description":"Valami igaz\u00e1n egyed\u00fcl\u00e1ll\u00f3 sz\u00e1ll\u00e1st keresel? V\u00e1lassz most romantikus, vid\u00e9ki vend\u00e9gh\u00e1zaink k\u00f6z\u00fcl. P\u00e1rok, bar\u00e1ti t\u00e1rsas\u00e1gok sz\u00e1m\u00e1ra is ide\u00e1lis.","og_url":"https:\/\/colonianatura.hu\/araink\/","og_site_name":"Colonia Natura T\u00f6rt\u00e9nelmi Apartmanpark","article_publisher":"https:\/\/facebook.com\/colonianatura\/","article_modified_time":"2025-12-10T13:56:14+00:00","twitter_card":"summary_large_image","twitter_misc":{"Est. reading time":"1 minute"},"schema":{"@context":"https:\/\/schema.org","@graph":[{"@type":"WebPage","@id":"https:\/\/colonianatura.hu\/araink\/","url":"https:\/\/colonianatura.hu\/araink\/","name":"[:hu]\u00c1raink[:en]Prices[:] - Colonia Natura T\u00f6rt\u00e9nelmi Apartmanpark","isPartOf":{"@id":"https:\/\/colonianatura.hu\/#website"},"datePublished":"2023-08-04T18:41:48+00:00","dateModified":"2025-12-10T13:56:14+00:00","description":"Valami igaz\u00e1n egyed\u00fcl\u00e1ll\u00f3 sz\u00e1ll\u00e1st keresel? V\u00e1lassz most romantikus, vid\u00e9ki vend\u00e9gh\u00e1zaink k\u00f6z\u00fcl. P\u00e1rok, bar\u00e1ti t\u00e1rsas\u00e1gok sz\u00e1m\u00e1ra is ide\u00e1lis.","breadcrumb":{"@id":"https:\/\/colonianatura.hu\/araink\/#breadcrumb"},"inLanguage":"en-US","potentialAction":[{"@type":"ReadAction","target":["https:\/\/colonianatura.hu\/araink\/"]}]},{"@type":"BreadcrumbList","@id":"https:\/\/colonianatura.hu\/araink\/#breadcrumb","itemListElement":[{"@type":"ListItem","position":1,"name":"Startseite","item":"https:\/\/colonianatura.hu\/"},{"@type":"ListItem","position":2,"name":"\u00c1raink"}]},{"@type":"WebSite","@id":"https:\/\/colonianatura.hu\/#website","url":"https:\/\/colonianatura.hu\/","name":"Colonia Natura Apartmanpark","description":"Colonia Natura","potentialAction":[{"@type":"SearchAction","target":{"@type":"EntryPoint","urlTemplate":"https:\/\/colonianatura.hu\/?s={search_term_string}"},"query-input":{"@type":"PropertyValueSpecification","valueRequired":true,"valueName":"search_term_string"}}],"inLanguage":"en-US"}]}},"_links":{"self":[{"href":"https:\/\/colonianatura.hu\/en\/wp-json\/wp\/v2\/pages\/876","targetHints":{"allow":["GET"]}}],"collection":[{"href":"https:\/\/colonianatura.hu\/en\/wp-json\/wp\/v2\/pages"}],"about":[{"href":"https:\/\/colonianatura.hu\/en\/wp-json\/wp\/v2\/types\/page"}],"author":[{"embeddable":true,"href":"https:\/\/colonianatura.hu\/en\/wp-json\/wp\/v2\/users\/1"}],"replies":[{"embeddable":true,"href":"https:\/\/colonianatura.hu\/en\/wp-json\/wp\/v2\/comments?post=876"}],"version-history":[{"count":44,"href":"https:\/\/colonianatura.hu\/en\/wp-json\/wp\/v2\/pages\/876\/revisions"}],"predecessor-version":[{"id":1545,"href":"https:\/\/colonianatura.hu\/en\/wp-json\/wp\/v2\/pages\/876\/revisions\/1545"}],"wp:attachment":[{"href":"https:\/\/colonianatura.hu\/en\/wp-json\/wp\/v2\/media?parent=876"}],"curies":[{"name":"wp","href":"https:\/\/api.w.org\/{rel}","templated":true}]}}