{"id":1503,"date":"2025-08-04T16:40:08","date_gmt":"2025-08-04T16:40:08","guid":{"rendered":"https:\/\/colonianatura.hu\/?page_id=1503"},"modified":"2025-12-09T13:23:07","modified_gmt":"2025-12-09T13:23:07","slug":"digitalis-latvanyporta-es-kerekpartura","status":"publish","type":"page","link":"https:\/\/colonianatura.hu\/en\/digitalis-latvanyporta-es-kerekpartura\/","title":{"rendered":"Digital village portal and bike tour"},"content":{"rendered":"<p>Curious about the slowly disappearing world of rural life? You can still see the tools of the past and discover what they were used for. We can provide a limited number of bicycles for our bike tours and occasional guided tours.<\/p>\n<div id='gallery-2' class='gallery galleryid-1503 gallery-columns-2 gallery-size-large'><figure class='gallery-item'>\n\t\t\t<div class='gallery-icon portrait'>\n\t\t\t\t<a href='https:\/\/colonianatura.hu\/wp-content\/uploads\/2025\/08\/IMG_0247-rotated.jpg' data-lbwps-gid=\"3\"><img loading=\"lazy\" decoding=\"async\" width=\"640\" height=\"853\" src=\"https:\/\/colonianatura.hu\/wp-content\/uploads\/2025\/08\/IMG_0247-768x1024.jpg\" class=\"attachment-large size-large\" alt=\"\" srcset=\"https:\/\/colonianatura.hu\/wp-content\/uploads\/2025\/08\/IMG_0247-768x1024.jpg 768w, https:\/\/colonianatura.hu\/wp-content\/uploads\/2025\/08\/IMG_0247-225x300.jpg 225w, https:\/\/colonianatura.hu\/wp-content\/uploads\/2025\/08\/IMG_0247-1152x1536.jpg 1152w, https:\/\/colonianatura.hu\/wp-content\/uploads\/2025\/08\/IMG_0247-rotated.jpg 1512w\" sizes=\"auto, (max-width: 640px) 100vw, 640px\" \/><\/a>\n\t\t\t<\/div><\/figure><figure class='gallery-item'>\n\t\t\t<div class='gallery-icon portrait'>\n\t\t\t\t<a href='https:\/\/colonianatura.hu\/wp-content\/uploads\/2025\/08\/IMG_0245-rotated.jpg' data-lbwps-gid=\"3\"><img loading=\"lazy\" decoding=\"async\" width=\"640\" height=\"853\" src=\"https:\/\/colonianatura.hu\/wp-content\/uploads\/2025\/08\/IMG_0245-768x1024.jpg\" class=\"attachment-large size-large\" alt=\"\" srcset=\"https:\/\/colonianatura.hu\/wp-content\/uploads\/2025\/08\/IMG_0245-768x1024.jpg 768w, https:\/\/colonianatura.hu\/wp-content\/uploads\/2025\/08\/IMG_0245-225x300.jpg 225w, https:\/\/colonianatura.hu\/wp-content\/uploads\/2025\/08\/IMG_0245-1152x1536.jpg 1152w, https:\/\/colonianatura.hu\/wp-content\/uploads\/2025\/08\/IMG_0245-rotated.jpg 1512w\" sizes=\"auto, (max-width: 640px) 100vw, 640px\" \/><\/a>\n\t\t\t<\/div><\/figure><figure class='gallery-item'>\n\t\t\t<div class='gallery-icon portrait'>\n\t\t\t\t<a href='https:\/\/colonianatura.hu\/wp-content\/uploads\/2025\/08\/IMG_0246-rotated.jpg' data-lbwps-gid=\"3\"><img loading=\"lazy\" decoding=\"async\" width=\"640\" height=\"853\" src=\"https:\/\/colonianatura.hu\/wp-content\/uploads\/2025\/08\/IMG_0246-768x1024.jpg\" class=\"attachment-large size-large\" alt=\"\" srcset=\"https:\/\/colonianatura.hu\/wp-content\/uploads\/2025\/08\/IMG_0246-768x1024.jpg 768w, https:\/\/colonianatura.hu\/wp-content\/uploads\/2025\/08\/IMG_0246-225x300.jpg 225w, https:\/\/colonianatura.hu\/wp-content\/uploads\/2025\/08\/IMG_0246-1152x1536.jpg 1152w, https:\/\/colonianatura.hu\/wp-content\/uploads\/2025\/08\/IMG_0246-rotated.jpg 1512w\" sizes=\"auto, (max-width: 640px) 100vw, 640px\" \/><\/a>\n\t\t\t<\/div><\/figure><figure class='gallery-item'>\n\t\t\t<div class='gallery-icon landscape'>\n\t\t\t\t<a href='https:\/\/colonianatura.hu\/wp-content\/uploads\/2025\/08\/IMG_0243-rotated.jpg' data-lbwps-gid=\"3\"><img loading=\"lazy\" decoding=\"async\" width=\"640\" height=\"480\" src=\"https:\/\/colonianatura.hu\/wp-content\/uploads\/2025\/08\/IMG_0243-1024x768.jpg\" class=\"attachment-large size-large\" alt=\"\" srcset=\"https:\/\/colonianatura.hu\/wp-content\/uploads\/2025\/08\/IMG_0243-1024x768.jpg 1024w, https:\/\/colonianatura.hu\/wp-content\/uploads\/2025\/08\/IMG_0243-300x225.jpg 300w, https:\/\/colonianatura.hu\/wp-content\/uploads\/2025\/08\/IMG_0243-768x576.jpg 768w, https:\/\/colonianatura.hu\/wp-content\/uploads\/2025\/08\/IMG_0243-1536x1152.jpg 1536w, https:\/\/colonianatura.hu\/wp-content\/uploads\/2025\/08\/IMG_0243-rotated.jpg 2016w\" sizes=\"auto, (max-width: 640px) 100vw, 640px\" \/><\/a>\n\t\t\t<\/div><\/figure><figure class='gallery-item'>\n\t\t\t<div class='gallery-icon landscape'>\n\t\t\t\t<a href='https:\/\/colonianatura.hu\/wp-content\/uploads\/2025\/08\/IMG_0244-rotated.jpg' data-lbwps-gid=\"3\"><img loading=\"lazy\" decoding=\"async\" width=\"640\" height=\"480\" src=\"https:\/\/colonianatura.hu\/wp-content\/uploads\/2025\/08\/IMG_0244-1024x768.jpg\" class=\"attachment-large size-large\" alt=\"\" srcset=\"https:\/\/colonianatura.hu\/wp-content\/uploads\/2025\/08\/IMG_0244-1024x768.jpg 1024w, https:\/\/colonianatura.hu\/wp-content\/uploads\/2025\/08\/IMG_0244-300x225.jpg 300w, https:\/\/colonianatura.hu\/wp-content\/uploads\/2025\/08\/IMG_0244-768x576.jpg 768w, https:\/\/colonianatura.hu\/wp-content\/uploads\/2025\/08\/IMG_0244-1536x1152.jpg 1536w, https:\/\/colonianatura.hu\/wp-content\/uploads\/2025\/08\/IMG_0244-rotated.jpg 2016w\" sizes=\"auto, (max-width: 640px) 100vw, 640px\" \/><\/a>\n\t\t\t<\/div><\/figure>\n\t\t<\/div>\n\n<p><\/p>","protected":false},"excerpt":{"rendered":"<p>Curious about the slowly disappearing world of rural life? You can still see the tools of the past and discover&#8230;<\/p>\n","protected":false},"author":1,"featured_media":1508,"parent":0,"menu_order":0,"comment_status":"closed","ping_status":"closed","template":"","meta":{"footnotes":""},"class_list":["post-1503","page","type-page","status-publish","has-post-thumbnail","hentry"],"acf":[],"yoast_head":"<!-- This site is optimized with the Yoast SEO plugin v27.4 - https:\/\/yoast.com\/product\/yoast-seo-wordpress\/ -->\n<title>Digital village portal and bike tour - Colonia Natura T\u00f6rt\u00e9nelmi Apartmanpark<\/title>\n<meta name=\"robots\" content=\"index, follow, max-snippet:-1, max-image-preview:large, max-video-preview:-1\" \/>\n<link rel=\"canonical\" href=\"https:\/\/colonianatura.hu\/digitalis-latvanyporta-es-kerekpartura\/\" \/>\n<meta property=\"og:locale\" content=\"en_US\" \/>\n<meta property=\"og:type\" content=\"article\" \/>\n<meta property=\"og:title\" content=\"Digital village portal and bike tour - Colonia Natura T\u00f6rt\u00e9nelmi Apartmanpark\" \/>\n<meta property=\"og:description\" content=\"Curious about the slowly disappearing world of rural life? You can still see the tools of the past and discover...\" \/>\n<meta property=\"og:url\" content=\"https:\/\/colonianatura.hu\/digitalis-latvanyporta-es-kerekpartura\/\" \/>\n<meta property=\"og:site_name\" content=\"Colonia Natura T\u00f6rt\u00e9nelmi Apartmanpark\" \/>\n<meta property=\"article:publisher\" content=\"https:\/\/facebook.com\/colonianatura\/\" \/>\n<meta property=\"article:modified_time\" content=\"2025-12-09T13:23:07+00:00\" \/>\n<meta property=\"og:image\" content=\"https:\/\/colonianatura.hu\/wp-content\/uploads\/2025\/08\/IMG_0244-rotated.jpg\" \/>\n\t<meta property=\"og:image:width\" content=\"2016\" \/>\n\t<meta property=\"og:image:height\" content=\"1512\" \/>\n\t<meta property=\"og:image:type\" content=\"image\/jpeg\" \/>\n<meta name=\"twitter:card\" content=\"summary_large_image\" \/>\n<meta name=\"twitter:label1\" content=\"Est. reading time\" \/>\n\t<meta name=\"twitter:data1\" content=\"1 minute\" \/>\n<script type=\"application\/ld+json\" class=\"yoast-schema-graph\">{\"@context\":\"https:\\\/\\\/schema.org\",\"@graph\":[{\"@type\":\"WebPage\",\"@id\":\"https:\\\/\\\/colonianatura.hu\\\/digitalis-latvanyporta-es-kerekpartura\\\/\",\"url\":\"https:\\\/\\\/colonianatura.hu\\\/digitalis-latvanyporta-es-kerekpartura\\\/\",\"name\":\"[:hu]Digit\u00e1lis l\u00e1tv\u00e1nyporta \u00e9s ker\u00e9kp\u00e1rt\u00fara[:en]Digital village portal and bike tour[:] - Colonia Natura T\u00f6rt\u00e9nelmi Apartmanpark\",\"isPartOf\":{\"@id\":\"https:\\\/\\\/colonianatura.hu\\\/#website\"},\"primaryImageOfPage\":{\"@id\":\"https:\\\/\\\/colonianatura.hu\\\/digitalis-latvanyporta-es-kerekpartura\\\/#primaryimage\"},\"image\":{\"@id\":\"https:\\\/\\\/colonianatura.hu\\\/digitalis-latvanyporta-es-kerekpartura\\\/#primaryimage\"},\"thumbnailUrl\":\"https:\\\/\\\/colonianatura.hu\\\/wp-content\\\/uploads\\\/2025\\\/08\\\/IMG_0244-rotated.jpg\",\"datePublished\":\"2025-08-04T16:40:08+00:00\",\"dateModified\":\"2025-12-09T13:23:07+00:00\",\"breadcrumb\":{\"@id\":\"https:\\\/\\\/colonianatura.hu\\\/digitalis-latvanyporta-es-kerekpartura\\\/#breadcrumb\"},\"inLanguage\":\"en-US\",\"potentialAction\":[{\"@type\":\"ReadAction\",\"target\":[\"https:\\\/\\\/colonianatura.hu\\\/digitalis-latvanyporta-es-kerekpartura\\\/\"]}]},{\"@type\":\"ImageObject\",\"inLanguage\":\"en-US\",\"@id\":\"https:\\\/\\\/colonianatura.hu\\\/digitalis-latvanyporta-es-kerekpartura\\\/#primaryimage\",\"url\":\"https:\\\/\\\/colonianatura.hu\\\/wp-content\\\/uploads\\\/2025\\\/08\\\/IMG_0244-rotated.jpg\",\"contentUrl\":\"https:\\\/\\\/colonianatura.hu\\\/wp-content\\\/uploads\\\/2025\\\/08\\\/IMG_0244-rotated.jpg\",\"width\":2016,\"height\":1512},{\"@type\":\"BreadcrumbList\",\"@id\":\"https:\\\/\\\/colonianatura.hu\\\/digitalis-latvanyporta-es-kerekpartura\\\/#breadcrumb\",\"itemListElement\":[{\"@type\":\"ListItem\",\"position\":1,\"name\":\"Startseite\",\"item\":\"https:\\\/\\\/colonianatura.hu\\\/\"},{\"@type\":\"ListItem\",\"position\":2,\"name\":\"Digit\u00e1lis l\u00e1tv\u00e1nyporta \u00e9s ker\u00e9kp\u00e1rt\u00fara\"}]},{\"@type\":\"WebSite\",\"@id\":\"https:\\\/\\\/colonianatura.hu\\\/#website\",\"url\":\"https:\\\/\\\/colonianatura.hu\\\/\",\"name\":\"Colonia Natura Apartmanpark\",\"description\":\"Colonia Natura\",\"potentialAction\":[{\"@type\":\"SearchAction\",\"target\":{\"@type\":\"EntryPoint\",\"urlTemplate\":\"https:\\\/\\\/colonianatura.hu\\\/?s={search_term_string}\"},\"query-input\":{\"@type\":\"PropertyValueSpecification\",\"valueRequired\":true,\"valueName\":\"search_term_string\"}}],\"inLanguage\":\"en-US\"}]}<\/script>\n<!-- \/ Yoast SEO plugin. -->","yoast_head_json":{"title":"[:hu]Digit\u00e1lis l\u00e1tv\u00e1nyporta \u00e9s ker\u00e9kp\u00e1rt\u00fara[:en]Digital village portal and bike tour[:] - Colonia Natura T\u00f6rt\u00e9nelmi Apartmanpark","robots":{"index":"index","follow":"follow","max-snippet":"max-snippet:-1","max-image-preview":"max-image-preview:large","max-video-preview":"max-video-preview:-1"},"canonical":"https:\/\/colonianatura.hu\/digitalis-latvanyporta-es-kerekpartura\/","og_locale":"en_US","og_type":"article","og_title":"Digital village portal and bike tour - Colonia Natura T\u00f6rt\u00e9nelmi Apartmanpark","og_description":"Curious about the slowly disappearing world of rural life? You can still see the tools of the past and discover...","og_url":"https:\/\/colonianatura.hu\/digitalis-latvanyporta-es-kerekpartura\/","og_site_name":"Colonia Natura T\u00f6rt\u00e9nelmi Apartmanpark","article_publisher":"https:\/\/facebook.com\/colonianatura\/","article_modified_time":"2025-12-09T13:23:07+00:00","og_image":[{"width":2016,"height":1512,"url":"https:\/\/colonianatura.hu\/wp-content\/uploads\/2025\/08\/IMG_0244-rotated.jpg","type":"image\/jpeg"}],"twitter_card":"summary_large_image","twitter_misc":{"Est. reading time":"1 minute"},"schema":{"@context":"https:\/\/schema.org","@graph":[{"@type":"WebPage","@id":"https:\/\/colonianatura.hu\/digitalis-latvanyporta-es-kerekpartura\/","url":"https:\/\/colonianatura.hu\/digitalis-latvanyporta-es-kerekpartura\/","name":"[:hu]Digit\u00e1lis l\u00e1tv\u00e1nyporta \u00e9s ker\u00e9kp\u00e1rt\u00fara[:en]Digital village portal and bike tour[:] - Colonia Natura T\u00f6rt\u00e9nelmi Apartmanpark","isPartOf":{"@id":"https:\/\/colonianatura.hu\/#website"},"primaryImageOfPage":{"@id":"https:\/\/colonianatura.hu\/digitalis-latvanyporta-es-kerekpartura\/#primaryimage"},"image":{"@id":"https:\/\/colonianatura.hu\/digitalis-latvanyporta-es-kerekpartura\/#primaryimage"},"thumbnailUrl":"https:\/\/colonianatura.hu\/wp-content\/uploads\/2025\/08\/IMG_0244-rotated.jpg","datePublished":"2025-08-04T16:40:08+00:00","dateModified":"2025-12-09T13:23:07+00:00","breadcrumb":{"@id":"https:\/\/colonianatura.hu\/digitalis-latvanyporta-es-kerekpartura\/#breadcrumb"},"inLanguage":"en-US","potentialAction":[{"@type":"ReadAction","target":["https:\/\/colonianatura.hu\/digitalis-latvanyporta-es-kerekpartura\/"]}]},{"@type":"ImageObject","inLanguage":"en-US","@id":"https:\/\/colonianatura.hu\/digitalis-latvanyporta-es-kerekpartura\/#primaryimage","url":"https:\/\/colonianatura.hu\/wp-content\/uploads\/2025\/08\/IMG_0244-rotated.jpg","contentUrl":"https:\/\/colonianatura.hu\/wp-content\/uploads\/2025\/08\/IMG_0244-rotated.jpg","width":2016,"height":1512},{"@type":"BreadcrumbList","@id":"https:\/\/colonianatura.hu\/digitalis-latvanyporta-es-kerekpartura\/#breadcrumb","itemListElement":[{"@type":"ListItem","position":1,"name":"Startseite","item":"https:\/\/colonianatura.hu\/"},{"@type":"ListItem","position":2,"name":"Digit\u00e1lis l\u00e1tv\u00e1nyporta \u00e9s ker\u00e9kp\u00e1rt\u00fara"}]},{"@type":"WebSite","@id":"https:\/\/colonianatura.hu\/#website","url":"https:\/\/colonianatura.hu\/","name":"Colonia Natura Apartmanpark","description":"Colonia Natura","potentialAction":[{"@type":"SearchAction","target":{"@type":"EntryPoint","urlTemplate":"https:\/\/colonianatura.hu\/?s={search_term_string}"},"query-input":{"@type":"PropertyValueSpecification","valueRequired":true,"valueName":"search_term_string"}}],"inLanguage":"en-US"}]}},"_links":{"self":[{"href":"https:\/\/colonianatura.hu\/en\/wp-json\/wp\/v2\/pages\/1503","targetHints":{"allow":["GET"]}}],"collection":[{"href":"https:\/\/colonianatura.hu\/en\/wp-json\/wp\/v2\/pages"}],"about":[{"href":"https:\/\/colonianatura.hu\/en\/wp-json\/wp\/v2\/types\/page"}],"author":[{"embeddable":true,"href":"https:\/\/colonianatura.hu\/en\/wp-json\/wp\/v2\/users\/1"}],"replies":[{"embeddable":true,"href":"https:\/\/colonianatura.hu\/en\/wp-json\/wp\/v2\/comments?post=1503"}],"version-history":[{"count":4,"href":"https:\/\/colonianatura.hu\/en\/wp-json\/wp\/v2\/pages\/1503\/revisions"}],"predecessor-version":[{"id":1537,"href":"https:\/\/colonianatura.hu\/en\/wp-json\/wp\/v2\/pages\/1503\/revisions\/1537"}],"wp:featuredmedia":[{"embeddable":true,"href":"https:\/\/colonianatura.hu\/en\/wp-json\/wp\/v2\/media\/1508"}],"wp:attachment":[{"href":"https:\/\/colonianatura.hu\/en\/wp-json\/wp\/v2\/media?parent=1503"}],"curies":[{"name":"wp","href":"https:\/\/api.w.org\/{rel}","templated":true}]}}