{"id":1038,"date":"2024-03-05T18:41:02","date_gmt":"2024-03-05T18:41:02","guid":{"rendered":"https:\/\/colonianatura.hu\/?page_id=1038"},"modified":"2024-10-26T08:23:18","modified_gmt":"2024-10-26T08:23:18","slug":"mystis-apartman","status":"publish","type":"page","link":"https:\/\/colonianatura.hu\/en\/apartmanpark\/mystis-apartman\/","title":{"rendered":"Mystis apartment"},"content":{"rendered":"<p><\/p>\n<p style=\"text-align: center;\">Our first new-style apartment is named after Mystis, one of the nymphs who accompanied Roman gods and personified natural places. Her name means \u201cto initiate,\u201d fitting for an apartment that invites two guests to begin their journey to relaxation and renewal. With a floor space of 25 square meters and a ceiling height of 4 meters, it offers plenty of room for up to two additional guests. Whether you wake up in the ground-floor double bed or the spacious king-size mattress on the mezzanine, your first view will be the sun-drenched slopes of Hercseg Hill. The mezzanine is more than a cozy nook; it&#8217;s a personal retreat where every night feels like a special experience. On the semi-covered terrace, you\u2019ll feel the magic of the landscape even more intensely.<\/p>\n<p style=\"text-align: center;\">Like our other apartments, this countryside retreat comes with all the comforts you need: towels, bedding, a hairdryer, an iron, a microwave, a coffee maker, a kettle, and kitchen utensils. To maintain the timeless tranquility and connection to nature, we&#8217;ve not only excluded smoking and television but also minimized electro-smog by eliminating Wi-Fi, creating a perfect space for a full digital detox.<\/p>\n<p style=\"text-align: center;\">Here, you\u2019ll truly experience the joy of returning\u2014whether from a day&#8217;s hike or a relaxing holiday getaway.<\/p>\n<p style=\"text-align: center;\"><strong>Services<\/strong><\/p>\n<p style=\"text-align: center;\">25m2, gallery, living room-kitchen-dining room<\/p>\n<p style=\"text-align: center;\">For 2+2 people<\/p>\n<p style=\"text-align: center;\">Equipped kitchen<\/p>\n<p style=\"text-align: center;\">Bathroom, WC<\/p>\n<p style=\"text-align: center;\">Non-smoking<\/p>\n<p style=\"text-align: center;\">Climatized, personally adjustable heating system<\/p>\n<p style=\"text-align: center;\">Bedsheets, towels<\/p>\n<p style=\"text-align: center;\">Hair dryer<\/p>\n<p><\/p>\n<div style=\"text-align: center; margin-top: 50px;\"><h2>Mystis apartment.The booking currently not available: Mystis apartment.<\/h2><\/div>","protected":false},"excerpt":{"rendered":"<p>Our first new-style apartment is named after Mystis, one of the nymphs who accompanied Roman gods and personified natural places&#8230;.<\/p>\n","protected":false},"author":1,"featured_media":1163,"parent":937,"menu_order":9,"comment_status":"closed","ping_status":"closed","template":"","meta":{"footnotes":""},"class_list":["post-1038","page","type-page","status-publish","has-post-thumbnail","hentry"],"acf":[],"yoast_head":"<!-- This site is optimized with the Yoast SEO plugin v27.4 - https:\/\/yoast.com\/product\/yoast-seo-wordpress\/ -->\n<title>Mystis apartment - Colonia Natura T\u00f6rt\u00e9nelmi Apartmanpark<\/title>\n<meta name=\"description\" content=\"Digit\u00e1lis detox \u00e9s teljes felt\u00f6lt\u0151d\u00e9s. Apartmanunk t\u00e1gas, gal\u00e9ri\u00e1s terekkel, Hercseg-hegyre n\u00e9z\u0151 panor\u00e1m\u00e1val v\u00e1r.\" \/>\n<meta name=\"robots\" content=\"index, follow, max-snippet:-1, max-image-preview:large, max-video-preview:-1\" \/>\n<link rel=\"canonical\" href=\"https:\/\/colonianatura.hu\/apartmanpark\/mystis-apartman\/\" \/>\n<meta property=\"og:locale\" content=\"en_US\" \/>\n<meta property=\"og:type\" content=\"article\" \/>\n<meta property=\"og:title\" content=\"Mystis apartment - Colonia Natura T\u00f6rt\u00e9nelmi Apartmanpark\" \/>\n<meta property=\"og:description\" content=\"Digit\u00e1lis detox \u00e9s teljes felt\u00f6lt\u0151d\u00e9s. Apartmanunk t\u00e1gas, gal\u00e9ri\u00e1s terekkel, Hercseg-hegyre n\u00e9z\u0151 panor\u00e1m\u00e1val v\u00e1r.\" \/>\n<meta property=\"og:url\" content=\"https:\/\/colonianatura.hu\/apartmanpark\/mystis-apartman\/\" \/>\n<meta property=\"og:site_name\" content=\"Colonia Natura T\u00f6rt\u00e9nelmi Apartmanpark\" \/>\n<meta property=\"article:publisher\" content=\"https:\/\/facebook.com\/colonianatura\/\" \/>\n<meta property=\"article:modified_time\" content=\"2024-10-26T08:23:18+00:00\" \/>\n<meta property=\"og:image\" content=\"https:\/\/colonianatura.hu\/wp-content\/uploads\/2024\/09\/Mystis-terasz_Ai-fotor-202409241859-1024x683.jpg\" \/>\n\t<meta property=\"og:image:width\" content=\"1024\" \/>\n\t<meta property=\"og:image:height\" content=\"683\" \/>\n\t<meta property=\"og:image:type\" content=\"image\/jpeg\" \/>\n<meta name=\"twitter:card\" content=\"summary_large_image\" \/>\n<meta name=\"twitter:label1\" content=\"Est. reading time\" \/>\n\t<meta name=\"twitter:data1\" content=\"2 minutes\" \/>\n<script type=\"application\/ld+json\" class=\"yoast-schema-graph\">{\"@context\":\"https:\\\/\\\/schema.org\",\"@graph\":[{\"@type\":\"WebPage\",\"@id\":\"https:\\\/\\\/colonianatura.hu\\\/apartmanpark\\\/mystis-apartman\\\/\",\"url\":\"https:\\\/\\\/colonianatura.hu\\\/apartmanpark\\\/mystis-apartman\\\/\",\"name\":\"[:hu]Mystis Apartman[:en]Mystis apartment[:] - Colonia Natura T\u00f6rt\u00e9nelmi Apartmanpark\",\"isPartOf\":{\"@id\":\"https:\\\/\\\/colonianatura.hu\\\/#website\"},\"primaryImageOfPage\":{\"@id\":\"https:\\\/\\\/colonianatura.hu\\\/apartmanpark\\\/mystis-apartman\\\/#primaryimage\"},\"image\":{\"@id\":\"https:\\\/\\\/colonianatura.hu\\\/apartmanpark\\\/mystis-apartman\\\/#primaryimage\"},\"thumbnailUrl\":\"https:\\\/\\\/colonianatura.hu\\\/wp-content\\\/uploads\\\/2024\\\/09\\\/Mystis-terasz_Ai-fotor-202409241859.jpg\",\"datePublished\":\"2024-03-05T18:41:02+00:00\",\"dateModified\":\"2024-10-26T08:23:18+00:00\",\"description\":\"Digit\u00e1lis detox \u00e9s teljes felt\u00f6lt\u0151d\u00e9s. Apartmanunk t\u00e1gas, gal\u00e9ri\u00e1s terekkel, Hercseg-hegyre n\u00e9z\u0151 panor\u00e1m\u00e1val v\u00e1r.\",\"breadcrumb\":{\"@id\":\"https:\\\/\\\/colonianatura.hu\\\/apartmanpark\\\/mystis-apartman\\\/#breadcrumb\"},\"inLanguage\":\"en-US\",\"potentialAction\":[{\"@type\":\"ReadAction\",\"target\":[\"https:\\\/\\\/colonianatura.hu\\\/apartmanpark\\\/mystis-apartman\\\/\"]}]},{\"@type\":\"ImageObject\",\"inLanguage\":\"en-US\",\"@id\":\"https:\\\/\\\/colonianatura.hu\\\/apartmanpark\\\/mystis-apartman\\\/#primaryimage\",\"url\":\"https:\\\/\\\/colonianatura.hu\\\/wp-content\\\/uploads\\\/2024\\\/09\\\/Mystis-terasz_Ai-fotor-202409241859.jpg\",\"contentUrl\":\"https:\\\/\\\/colonianatura.hu\\\/wp-content\\\/uploads\\\/2024\\\/09\\\/Mystis-terasz_Ai-fotor-202409241859.jpg\",\"width\":1920,\"height\":1280},{\"@type\":\"BreadcrumbList\",\"@id\":\"https:\\\/\\\/colonianatura.hu\\\/apartmanpark\\\/mystis-apartman\\\/#breadcrumb\",\"itemListElement\":[{\"@type\":\"ListItem\",\"position\":1,\"name\":\"Startseite\",\"item\":\"https:\\\/\\\/colonianatura.hu\\\/\"},{\"@type\":\"ListItem\",\"position\":2,\"name\":\"Apartman&shy;park\",\"item\":\"https:\\\/\\\/colonianatura.hu\\\/apartmanpark\\\/\"},{\"@type\":\"ListItem\",\"position\":3,\"name\":\"Mystis Apartman\"}]},{\"@type\":\"WebSite\",\"@id\":\"https:\\\/\\\/colonianatura.hu\\\/#website\",\"url\":\"https:\\\/\\\/colonianatura.hu\\\/\",\"name\":\"Colonia Natura Apartmanpark\",\"description\":\"Colonia Natura\",\"potentialAction\":[{\"@type\":\"SearchAction\",\"target\":{\"@type\":\"EntryPoint\",\"urlTemplate\":\"https:\\\/\\\/colonianatura.hu\\\/?s={search_term_string}\"},\"query-input\":{\"@type\":\"PropertyValueSpecification\",\"valueRequired\":true,\"valueName\":\"search_term_string\"}}],\"inLanguage\":\"en-US\"}]}<\/script>\n<!-- \/ Yoast SEO plugin. -->","yoast_head_json":{"title":"[:hu]Mystis Apartman[:en]Mystis apartment[:] - Colonia Natura T\u00f6rt\u00e9nelmi Apartmanpark","description":"Digit\u00e1lis detox \u00e9s teljes felt\u00f6lt\u0151d\u00e9s. Apartmanunk t\u00e1gas, gal\u00e9ri\u00e1s terekkel, Hercseg-hegyre n\u00e9z\u0151 panor\u00e1m\u00e1val v\u00e1r.","robots":{"index":"index","follow":"follow","max-snippet":"max-snippet:-1","max-image-preview":"max-image-preview:large","max-video-preview":"max-video-preview:-1"},"canonical":"https:\/\/colonianatura.hu\/apartmanpark\/mystis-apartman\/","og_locale":"en_US","og_type":"article","og_title":"Mystis apartment - Colonia Natura T\u00f6rt\u00e9nelmi Apartmanpark","og_description":"Digit\u00e1lis detox \u00e9s teljes felt\u00f6lt\u0151d\u00e9s. Apartmanunk t\u00e1gas, gal\u00e9ri\u00e1s terekkel, Hercseg-hegyre n\u00e9z\u0151 panor\u00e1m\u00e1val v\u00e1r.","og_url":"https:\/\/colonianatura.hu\/apartmanpark\/mystis-apartman\/","og_site_name":"Colonia Natura T\u00f6rt\u00e9nelmi Apartmanpark","article_publisher":"https:\/\/facebook.com\/colonianatura\/","article_modified_time":"2024-10-26T08:23:18+00:00","og_image":[{"width":1024,"height":683,"url":"https:\/\/colonianatura.hu\/wp-content\/uploads\/2024\/09\/Mystis-terasz_Ai-fotor-202409241859-1024x683.jpg","type":"image\/jpeg"}],"twitter_card":"summary_large_image","twitter_misc":{"Est. reading time":"2 minutes"},"schema":{"@context":"https:\/\/schema.org","@graph":[{"@type":"WebPage","@id":"https:\/\/colonianatura.hu\/apartmanpark\/mystis-apartman\/","url":"https:\/\/colonianatura.hu\/apartmanpark\/mystis-apartman\/","name":"[:hu]Mystis Apartman[:en]Mystis apartment[:] - Colonia Natura T\u00f6rt\u00e9nelmi Apartmanpark","isPartOf":{"@id":"https:\/\/colonianatura.hu\/#website"},"primaryImageOfPage":{"@id":"https:\/\/colonianatura.hu\/apartmanpark\/mystis-apartman\/#primaryimage"},"image":{"@id":"https:\/\/colonianatura.hu\/apartmanpark\/mystis-apartman\/#primaryimage"},"thumbnailUrl":"https:\/\/colonianatura.hu\/wp-content\/uploads\/2024\/09\/Mystis-terasz_Ai-fotor-202409241859.jpg","datePublished":"2024-03-05T18:41:02+00:00","dateModified":"2024-10-26T08:23:18+00:00","description":"Digit\u00e1lis detox \u00e9s teljes felt\u00f6lt\u0151d\u00e9s. Apartmanunk t\u00e1gas, gal\u00e9ri\u00e1s terekkel, Hercseg-hegyre n\u00e9z\u0151 panor\u00e1m\u00e1val v\u00e1r.","breadcrumb":{"@id":"https:\/\/colonianatura.hu\/apartmanpark\/mystis-apartman\/#breadcrumb"},"inLanguage":"en-US","potentialAction":[{"@type":"ReadAction","target":["https:\/\/colonianatura.hu\/apartmanpark\/mystis-apartman\/"]}]},{"@type":"ImageObject","inLanguage":"en-US","@id":"https:\/\/colonianatura.hu\/apartmanpark\/mystis-apartman\/#primaryimage","url":"https:\/\/colonianatura.hu\/wp-content\/uploads\/2024\/09\/Mystis-terasz_Ai-fotor-202409241859.jpg","contentUrl":"https:\/\/colonianatura.hu\/wp-content\/uploads\/2024\/09\/Mystis-terasz_Ai-fotor-202409241859.jpg","width":1920,"height":1280},{"@type":"BreadcrumbList","@id":"https:\/\/colonianatura.hu\/apartmanpark\/mystis-apartman\/#breadcrumb","itemListElement":[{"@type":"ListItem","position":1,"name":"Startseite","item":"https:\/\/colonianatura.hu\/"},{"@type":"ListItem","position":2,"name":"Apartman&shy;park","item":"https:\/\/colonianatura.hu\/apartmanpark\/"},{"@type":"ListItem","position":3,"name":"Mystis Apartman"}]},{"@type":"WebSite","@id":"https:\/\/colonianatura.hu\/#website","url":"https:\/\/colonianatura.hu\/","name":"Colonia Natura Apartmanpark","description":"Colonia Natura","potentialAction":[{"@type":"SearchAction","target":{"@type":"EntryPoint","urlTemplate":"https:\/\/colonianatura.hu\/?s={search_term_string}"},"query-input":{"@type":"PropertyValueSpecification","valueRequired":true,"valueName":"search_term_string"}}],"inLanguage":"en-US"}]}},"_links":{"self":[{"href":"https:\/\/colonianatura.hu\/en\/wp-json\/wp\/v2\/pages\/1038","targetHints":{"allow":["GET"]}}],"collection":[{"href":"https:\/\/colonianatura.hu\/en\/wp-json\/wp\/v2\/pages"}],"about":[{"href":"https:\/\/colonianatura.hu\/en\/wp-json\/wp\/v2\/types\/page"}],"author":[{"embeddable":true,"href":"https:\/\/colonianatura.hu\/en\/wp-json\/wp\/v2\/users\/1"}],"replies":[{"embeddable":true,"href":"https:\/\/colonianatura.hu\/en\/wp-json\/wp\/v2\/comments?post=1038"}],"version-history":[{"count":19,"href":"https:\/\/colonianatura.hu\/en\/wp-json\/wp\/v2\/pages\/1038\/revisions"}],"predecessor-version":[{"id":1394,"href":"https:\/\/colonianatura.hu\/en\/wp-json\/wp\/v2\/pages\/1038\/revisions\/1394"}],"up":[{"embeddable":true,"href":"https:\/\/colonianatura.hu\/en\/wp-json\/wp\/v2\/pages\/937"}],"wp:featuredmedia":[{"embeddable":true,"href":"https:\/\/colonianatura.hu\/en\/wp-json\/wp\/v2\/media\/1163"}],"wp:attachment":[{"href":"https:\/\/colonianatura.hu\/en\/wp-json\/wp\/v2\/media?parent=1038"}],"curies":[{"name":"wp","href":"https:\/\/api.w.org\/{rel}","templated":true}]}}