{"id":1035,"date":"2024-03-05T17:17:31","date_gmt":"2024-03-05T17:17:31","guid":{"rendered":"https:\/\/colonianatura.hu\/?page_id=1035"},"modified":"2024-10-26T11:47:04","modified_gmt":"2024-10-26T11:47:04","slug":"gyik","status":"publish","type":"page","link":"https:\/\/colonianatura.hu\/en\/gyik\/","title":{"rendered":"FAQ"},"content":{"rendered":"<p><style>#sp-ea-1375 .spcollapsing { height: 0; overflow: hidden; transition-property: height;transition-duration: 300ms;}#sp-ea-1375.sp-easy-accordion>.sp-ea-single {margin-bottom: 10px; border: 1px solid #e2e2e2; }#sp-ea-1375.sp-easy-accordion>.sp-ea-single>.ea-header a {color: #444;}#sp-ea-1375.sp-easy-accordion>.sp-ea-single>.sp-collapse>.ea-body {background: #fff; color: #444;}#sp-ea-1375.sp-easy-accordion>.sp-ea-single {background: #eee;}#sp-ea-1375.sp-easy-accordion>.sp-ea-single>.ea-header a .ea-expand-icon { float: left; color: #444;font-size: 16px;}<\/style><div id=\"sp_easy_accordion-1727815070\"><div id=\"sp-ea-1375\" class=\"sp-ea-one sp-easy-accordion\" data-ea-active=\"ea-click\" data-ea-mode=\"vertical\" data-preloader=\"\" data-scroll-active-item=\"\" data-offset-to-scroll=\"0\"><div class=\"ea-card ea-expand sp-ea-single\"><h3 class=\"ea-header\"><a class=\"collapsed\" id=\"ea-header-13750\" role=\"button\" data-sptoggle=\"spcollapse\" data-sptarget=\"#collapse13750\" aria-controls=\"collapse13750\" href=\"#\" aria-expanded=\"true\" tabindex=\"0\"><i aria-hidden=\"true\" role=\"presentation\" class=\"ea-expand-icon eap-icon-ea-expand-minus\"><\/i> What types of apartments are available? <\/a><\/h3><div class=\"sp-collapse spcollapse collapsed show\" id=\"collapse13750\" data-parent=\"#sp-ea-1375\" role=\"region\" aria-labelledby=\"ea-header-13750\"> <div class=\"ea-body\"><p>Our apartments primarily offer an unforgettable getaway for two, perfect for relaxation or a romantic escape. However, we can also accommodate larger groups of friends. Our Minerva, Mystis, Vulcanus, and Juno apartments are ideal for three, four, or even five guests. The Mystis apartment features a gallery-style, open-plan design with abundant natural light, comfortably accommodating four people. The Minerva apartment has a separate bedroom with a large antique canopy bed, while the living room provides extra space with a sofa. Vulcanus also has a large wooden-framed double bed in the bedroom and a convertible corner sofa in the living room for two more guests. Juno, the largest apartment, features two separate bedrooms and an additional sofa in the living room. All apartments include a private bathroom and well-equipped kitchen.<\/p><\/div><\/div><\/div><div class=\"ea-card sp-ea-single\"><h3 class=\"ea-header\"><a class=\"collapsed\" id=\"ea-header-13751\" role=\"button\" data-sptoggle=\"spcollapse\" data-sptarget=\"#collapse13751\" aria-controls=\"collapse13751\" href=\"#\" aria-expanded=\"false\" tabindex=\"0\"><i aria-hidden=\"true\" role=\"presentation\" class=\"ea-expand-icon eap-icon-ea-expand-plus\"><\/i> Do the apartments have kitchens or cooking facilities? <\/a><\/h3><div class=\"sp-collapse spcollapse \" id=\"collapse13751\" data-parent=\"#sp-ea-1375\" role=\"region\" aria-labelledby=\"ea-header-13751\"> <div class=\"ea-body\"><p>Yes, all our apartments feature practical, well-equipped kitchens with electric stovetops, microwaves, coffee makers, kettles, and refrigerators.<\/p><\/div><\/div><\/div><div class=\"ea-card sp-ea-single\"><h3 class=\"ea-header\"><a class=\"collapsed\" id=\"ea-header-13752\" role=\"button\" data-sptoggle=\"spcollapse\" data-sptarget=\"#collapse13752\" aria-controls=\"collapse13752\" href=\"#\" aria-expanded=\"false\" tabindex=\"0\"><i aria-hidden=\"true\" role=\"presentation\" class=\"ea-expand-icon eap-icon-ea-expand-plus\"><\/i> What is the capacity of the apartments? How many people can they accommodate? <\/a><\/h3><div class=\"sp-collapse spcollapse \" id=\"collapse13752\" data-parent=\"#sp-ea-1375\" role=\"region\" aria-labelledby=\"ea-header-13752\"> <div class=\"ea-body\"><p>All our apartments are designed to comfortably host two guests. However, the largest, Juno, has two bedrooms and an additional sleeping space in the living room. Mystis and Vulcanus can accommodate up to four guests, offering a peaceful retreat. Minerva can host an additional person with a sofa bed in the living room.<\/p><\/div><\/div><\/div><div class=\"ea-card sp-ea-single\"><h3 class=\"ea-header\"><a class=\"collapsed\" id=\"ea-header-13753\" role=\"button\" data-sptoggle=\"spcollapse\" data-sptarget=\"#collapse13753\" aria-controls=\"collapse13753\" href=\"#\" aria-expanded=\"false\" tabindex=\"0\"><i aria-hidden=\"true\" role=\"presentation\" class=\"ea-expand-icon eap-icon-ea-expand-plus\"><\/i> What amenities do the apartments have?<\/a><\/h3><div class=\"sp-collapse spcollapse \" id=\"collapse13753\" data-parent=\"#sp-ea-1375\" role=\"region\" aria-labelledby=\"ea-header-13753\"> <div class=\"ea-body\"><p>Each apartment has a fully equipped kitchen with a microwave, built-in electric stovetop, kettle, and coffee maker. The bathrooms are stocked with hairdryers and towels. Juno, Minerva, and Mystis are air-conditioned, while Vulcanus naturally stays cool. For cozy autumn or spring evenings, the Juno, Minerva, Vulcanus, and Jupiter apartments have wood-burning fireplaces.<\/p><\/div><\/div><\/div><div class=\"ea-card sp-ea-single\"><h3 class=\"ea-header\"><a class=\"collapsed\" id=\"ea-header-13754\" role=\"button\" data-sptoggle=\"spcollapse\" data-sptarget=\"#collapse13754\" aria-controls=\"collapse13754\" href=\"#\" aria-expanded=\"false\" tabindex=\"0\"><i aria-hidden=\"true\" role=\"presentation\" class=\"ea-expand-icon eap-icon-ea-expand-plus\"><\/i> Do you provide bed linens and towels?<\/a><\/h3><div class=\"sp-collapse spcollapse \" id=\"collapse13754\" data-parent=\"#sp-ea-1375\" role=\"region\" aria-labelledby=\"ea-header-13754\"> <div class=\"ea-body\"><p>Yes, all our apartments come with prepared bed linens and towels.<\/p><\/div><\/div><\/div><div class=\"ea-card sp-ea-single\"><h3 class=\"ea-header\"><a class=\"collapsed\" id=\"ea-header-13755\" role=\"button\" data-sptoggle=\"spcollapse\" data-sptarget=\"#collapse13755\" aria-controls=\"collapse13755\" href=\"#\" aria-expanded=\"false\" tabindex=\"0\"><i aria-hidden=\"true\" role=\"presentation\" class=\"ea-expand-icon eap-icon-ea-expand-plus\"><\/i> Can guests bring pets?<\/a><\/h3><div class=\"sp-collapse spcollapse \" id=\"collapse13755\" data-parent=\"#sp-ea-1375\" role=\"region\" aria-labelledby=\"ea-header-13755\"> <div class=\"ea-body\"><p>Our accommodations are pet-friendly. However, the size and number of pets should be limited due to the intimate, cozy nature of the apartments.<\/p><\/div><\/div><\/div><div class=\"ea-card sp-ea-single\"><h3 class=\"ea-header\"><a class=\"collapsed\" id=\"ea-header-13756\" role=\"button\" data-sptoggle=\"spcollapse\" data-sptarget=\"#collapse13756\" aria-controls=\"collapse13756\" href=\"#\" aria-expanded=\"false\" tabindex=\"0\"><i aria-hidden=\"true\" role=\"presentation\" class=\"ea-expand-icon eap-icon-ea-expand-plus\"><\/i> How can we reach the apartment park?<\/a><\/h3><div class=\"sp-collapse spcollapse \" id=\"collapse13756\" data-parent=\"#sp-ea-1375\" role=\"region\" aria-labelledby=\"ea-header-13756\"> <div class=\"ea-body\"><p>The easiest way to reach our apartment park is by car or bicycle. From Budapest, take the M86 expressway and then the 84 main road through the S\u00e1rv\u00e1r bypass, turning toward P\u00e1pa at the roundabout to reach Sitke. From Vienna, follow the 84 main road through the S\u00e1rv\u00e1r bypass, also heading toward P\u00e1pa. From Sz\u00e9kesfeh\u00e9rv\u00e1r or Veszpr\u00e9m, take the 8 and then the 84 roads. If traveling from Lake Balaton, use the 84 road. Long-distance buses stop about 1 km from the apartments, and the closest train stations are in S\u00e1rv\u00e1r or Celld\u00f6m\u00f6lk, with bus connections available to Sitke. The nearest airports are in Bratislava and Vienna (two hours away), and Budapest (two and a half hours away).<\/p><\/div><\/div><\/div><div class=\"ea-card sp-ea-single\"><h3 class=\"ea-header\"><a class=\"collapsed\" id=\"ea-header-13757\" role=\"button\" data-sptoggle=\"spcollapse\" data-sptarget=\"#collapse13757\" aria-controls=\"collapse13757\" href=\"#\" aria-expanded=\"false\" tabindex=\"0\"><i aria-hidden=\"true\" role=\"presentation\" class=\"ea-expand-icon eap-icon-ea-expand-plus\"><\/i> Is parking available? <\/a><\/h3><div class=\"sp-collapse spcollapse \" id=\"collapse13757\" data-parent=\"#sp-ea-1375\" role=\"region\" aria-labelledby=\"ea-header-13757\"> <div class=\"ea-body\"><p>Yes, we provide secure parking for all our guests within the apartment park.<\/p><\/div><\/div><\/div><div class=\"ea-card sp-ea-single\"><h3 class=\"ea-header\"><a class=\"collapsed\" id=\"ea-header-13758\" role=\"button\" data-sptoggle=\"spcollapse\" data-sptarget=\"#collapse13758\" aria-controls=\"collapse13758\" href=\"#\" aria-expanded=\"false\" tabindex=\"0\"><i aria-hidden=\"true\" role=\"presentation\" class=\"ea-expand-icon eap-icon-ea-expand-plus\"><\/i> How far is the nearest thermal bath? <\/a><\/h3><div class=\"sp-collapse spcollapse \" id=\"collapse13758\" data-parent=\"#sp-ea-1375\" role=\"region\" aria-labelledby=\"ea-header-13758\"> <div class=\"ea-body\"><p>S\u00e1rv\u00e1r is 7 km away, Mesteri is 11 km, Borg\u00e1ta is 12 km, and Celld\u00f6m\u00f6lk is 14 km from our location.<\/p><\/div><\/div><\/div><div class=\"ea-card sp-ea-single\"><h3 class=\"ea-header\"><a class=\"collapsed\" id=\"ea-header-13759\" role=\"button\" data-sptoggle=\"spcollapse\" data-sptarget=\"#collapse13759\" aria-controls=\"collapse13759\" href=\"#\" aria-expanded=\"false\" tabindex=\"0\"><i aria-hidden=\"true\" role=\"presentation\" class=\"ea-expand-icon eap-icon-ea-expand-plus\"><\/i> Are there hiking opportunities or natural sights nearby? <\/a><\/h3><div class=\"sp-collapse spcollapse \" id=\"collapse13759\" data-parent=\"#sp-ea-1375\" role=\"region\" aria-labelledby=\"ea-header-13759\"> <div class=\"ea-body\"><p>Yes, the area is rich in natural, historical, and architectural sights. You can explore Sitke itself, which has several mysteries akin to those in <em>The Da Vinci Code<\/em>, including the Holy Trinity Church, the Calvary Chapel, a debated Turkish column, a Roman bath, and a Sz\u00e9kely gate. You can also take shorter hikes to the unique \"Hat Spring\" or cycle along the M\u00e1ria pilgrimage route to the Mesteri spa using the bicycles available in our apartment park. S\u00e1g Hill and Kemenes Volcano Park are also worth visiting by car or bike. G\u00e9rce offers a detour to S\u00e1rv\u00e1r with its many sights, accessible by bike paths. Further afield, Soml\u00f3 and Kissomly\u00f3 mountains, and the ancient Bavarian royal forest near K\u00e1ld with century-old trees, are also great for exploring. The Jeli Arboretum, famous for its rhododendron blooms in May, is only a half-hour drive away.<\/p><\/div><\/div><\/div><div class=\"ea-card sp-ea-single\"><h3 class=\"ea-header\"><a class=\"collapsed\" id=\"ea-header-137510\" role=\"button\" data-sptoggle=\"spcollapse\" data-sptarget=\"#collapse137510\" aria-controls=\"collapse137510\" href=\"#\" aria-expanded=\"false\" tabindex=\"0\"><i aria-hidden=\"true\" role=\"presentation\" class=\"ea-expand-icon eap-icon-ea-expand-plus\"><\/i> How quiet and peaceful is the area? <\/a><\/h3><div class=\"sp-collapse spcollapse \" id=\"collapse137510\" data-parent=\"#sp-ea-1375\" role=\"region\" aria-labelledby=\"ea-header-137510\"> <div class=\"ea-body\"><p>Our apartment park is located on the outskirts of Sitke, near Kissitke, a former estate center, surrounded by the green hills of Hercseg. This sparsely populated, nature-rich part of the village offers a peaceful and quiet environment, perfect for a secluded escape.<\/p><\/div><\/div><\/div><div class=\"ea-card sp-ea-single\"><h3 class=\"ea-header\"><a class=\"collapsed\" id=\"ea-header-137511\" role=\"button\" data-sptoggle=\"spcollapse\" data-sptarget=\"#collapse137511\" aria-controls=\"collapse137511\" href=\"#\" aria-expanded=\"false\" tabindex=\"0\"><i aria-hidden=\"true\" role=\"presentation\" class=\"ea-expand-icon eap-icon-ea-expand-plus\"><\/i> Are there any sports activities available (e.g., bike rentals, hiking trails)?<\/a><\/h3><div class=\"sp-collapse spcollapse \" id=\"collapse137511\" data-parent=\"#sp-ea-1375\" role=\"region\" aria-labelledby=\"ea-header-137511\"> <div class=\"ea-body\"><p>The M\u00e1ria pilgrimage route and the National Blue Trail pass right by our apartment park. Numerous smaller and larger hiking trails are available for exploration on foot or by bike. We have four bicycles available for guest use. For a truly unique experience, you can visit our on-site Gladiatorium, where you can step into the role of Russell Crowe\u2019s Gladiator or relive the ancient Roman gladiator battles, just like Spartacus and his companions in the Roman Colosseum. Interestingly, Sitke is home to the remains of an ancient amphitheater.<\/p><\/div><\/div><\/div><div class=\"ea-card sp-ea-single\"><h3 class=\"ea-header\"><a class=\"collapsed\" id=\"ea-header-137512\" role=\"button\" data-sptoggle=\"spcollapse\" data-sptarget=\"#collapse137512\" aria-controls=\"collapse137512\" href=\"#\" aria-expanded=\"false\" tabindex=\"0\"><i aria-hidden=\"true\" role=\"presentation\" class=\"ea-expand-icon eap-icon-ea-expand-plus\"><\/i> Do you organize special programs or excursions for guests? <\/a><\/h3><div class=\"sp-collapse spcollapse \" id=\"collapse137512\" data-parent=\"#sp-ea-1375\" role=\"region\" aria-labelledby=\"ea-header-137512\"> <div class=\"ea-body\"><p>We are happy to help organize programs and excursions based on your preferences, with prior arrangements. The Gladiatorium is open for non-staying guests too, where they can experience the gladiator games authentically.<\/p><\/div><\/div><\/div><div class=\"ea-card sp-ea-single\"><h3 class=\"ea-header\"><a class=\"collapsed\" id=\"ea-header-137513\" role=\"button\" data-sptoggle=\"spcollapse\" data-sptarget=\"#collapse137513\" aria-controls=\"collapse137513\" href=\"#\" aria-expanded=\"false\" tabindex=\"0\"><i aria-hidden=\"true\" role=\"presentation\" class=\"ea-expand-icon eap-icon-ea-expand-plus\"><\/i> Are there restaurants or shopping opportunities nearby?<\/a><\/h3><div class=\"sp-collapse spcollapse \" id=\"collapse137513\" data-parent=\"#sp-ea-1375\" role=\"region\" aria-labelledby=\"ea-header-137513\"> <div class=\"ea-body\"><p>In Sitke, the Borosty\u00e1nkert restaurant offers homestyle Vas county cuisine, located in the village center. A Coop grocery store is also nearby.<\/p><\/div><\/div><\/div><div class=\"ea-card sp-ea-single\"><h3 class=\"ea-header\"><a class=\"collapsed\" id=\"ea-header-137514\" role=\"button\" data-sptoggle=\"spcollapse\" data-sptarget=\"#collapse137514\" aria-controls=\"collapse137514\" href=\"#\" aria-expanded=\"false\" tabindex=\"0\"><i aria-hidden=\"true\" role=\"presentation\" class=\"ea-expand-icon eap-icon-ea-expand-plus\"><\/i> How much does one night in the apartment cost? <\/a><\/h3><div class=\"sp-collapse spcollapse \" id=\"collapse137514\" data-parent=\"#sp-ea-1375\" role=\"region\" aria-labelledby=\"ea-header-137514\"> <div class=\"ea-body\"><p>The rental rate for our apartments is 30,000 HUF per night.<\/p><\/div><\/div><\/div><div class=\"ea-card sp-ea-single\"><h3 class=\"ea-header\"><a class=\"collapsed\" id=\"ea-header-137515\" role=\"button\" data-sptoggle=\"spcollapse\" data-sptarget=\"#collapse137515\" aria-controls=\"collapse137515\" href=\"#\" aria-expanded=\"false\" tabindex=\"0\"><i aria-hidden=\"true\" role=\"presentation\" class=\"ea-expand-icon eap-icon-ea-expand-plus\"><\/i> What are the payment options? <\/a><\/h3><div class=\"sp-collapse spcollapse \" id=\"collapse137515\" data-parent=\"#sp-ea-1375\" role=\"region\" aria-labelledby=\"ea-header-137515\"> <div class=\"ea-body\"><p>We accept cash and bank transfers.<\/p><\/div><\/div><\/div><div class=\"ea-card sp-ea-single\"><h3 class=\"ea-header\"><a class=\"collapsed\" id=\"ea-header-137516\" role=\"button\" data-sptoggle=\"spcollapse\" data-sptarget=\"#collapse137516\" aria-controls=\"collapse137516\" href=\"#\" aria-expanded=\"false\" tabindex=\"0\"><i aria-hidden=\"true\" role=\"presentation\" class=\"ea-expand-icon eap-icon-ea-expand-plus\"><\/i> Is there a minimum stay requirement?<\/a><\/h3><div class=\"sp-collapse spcollapse \" id=\"collapse137516\" data-parent=\"#sp-ea-1375\" role=\"region\" aria-labelledby=\"ea-header-137516\"> <div class=\"ea-body\"><p>There is no minimum stay requirement.<\/p><\/div><\/div><\/div><div class=\"ea-card sp-ea-single\"><h3 class=\"ea-header\"><a class=\"collapsed\" id=\"ea-header-137517\" role=\"button\" data-sptoggle=\"spcollapse\" data-sptarget=\"#collapse137517\" aria-controls=\"collapse137517\" href=\"#\" aria-expanded=\"false\" tabindex=\"0\"><i aria-hidden=\"true\" role=\"presentation\" class=\"ea-expand-icon eap-icon-ea-expand-plus\"><\/i> Is there a cancellation or modification policy? What are the terms? <\/a><\/h3><div class=\"sp-collapse spcollapse \" id=\"collapse137517\" data-parent=\"#sp-ea-1375\" role=\"region\" aria-labelledby=\"ea-header-137517\"> <div class=\"ea-body\"><p>Your reservation will be confirmed after a 50% deposit is paid within 24 hours of the booking request. You can cancel free of charge up to 7 days before arrival, but after this, modifications are not allowed, and the deposit is non-refundable.<\/p><\/div><\/div><\/div><div class=\"ea-card sp-ea-single\"><h3 class=\"ea-header\"><a class=\"collapsed\" id=\"ea-header-137518\" role=\"button\" data-sptoggle=\"spcollapse\" data-sptarget=\"#collapse137518\" aria-controls=\"collapse137518\" href=\"#\" aria-expanded=\"false\" tabindex=\"0\"><i aria-hidden=\"true\" role=\"presentation\" class=\"ea-expand-icon eap-icon-ea-expand-plus\"><\/i> Is the apartment park adults-only?<\/a><\/h3><div class=\"sp-collapse spcollapse \" id=\"collapse137518\" data-parent=\"#sp-ea-1375\" role=\"region\" aria-labelledby=\"ea-header-137518\"> <div class=\"ea-body\"><p>Yes, the minimum age for guests is 16 years. We only accommodate guests aged 16 and older.<\/p><\/div><\/div><\/div><div class=\"ea-card sp-ea-single\"><h3 class=\"ea-header\"><a class=\"collapsed\" id=\"ea-header-137519\" role=\"button\" data-sptoggle=\"spcollapse\" data-sptarget=\"#collapse137519\" aria-controls=\"collapse137519\" href=\"#\" aria-expanded=\"false\" tabindex=\"0\"><i aria-hidden=\"true\" role=\"presentation\" class=\"ea-expand-icon eap-icon-ea-expand-plus\"><\/i> Is it possible to host private events or corporate gatherings? <\/a><\/h3><div class=\"sp-collapse spcollapse \" id=\"collapse137519\" data-parent=\"#sp-ea-1375\" role=\"region\" aria-labelledby=\"ea-header-137519\"> <div class=\"ea-body\"><p>Yes, our Gladiatorium has hosted birthday parties and team-building events. We offer a truly unique program where you can immerse yourself in gladiator battles, recreating the scenes from the movie <em>Gladiator<\/em> or series about the Roman Empire, in an authentic setting.<\/p><\/div><\/div><\/div><div class=\"ea-card sp-ea-single\"><h3 class=\"ea-header\"><a class=\"collapsed\" id=\"ea-header-137520\" role=\"button\" data-sptoggle=\"spcollapse\" data-sptarget=\"#collapse137520\" aria-controls=\"collapse137520\" href=\"#\" aria-expanded=\"false\" tabindex=\"0\"><i aria-hidden=\"true\" role=\"presentation\" class=\"ea-expand-icon eap-icon-ea-expand-plus\"><\/i> Can you assist with organizing local programs or tours?<\/a><\/h3><div class=\"sp-collapse spcollapse \" id=\"collapse137520\" data-parent=\"#sp-ea-1375\" role=\"region\" aria-labelledby=\"ea-header-137520\"> <div class=\"ea-body\"><p>Absolutely! We are happy to recommend and help organize programs and tours to match your preferences during your stay.<\/p><\/div><\/div><\/div><\/div><\/div><\/p>","protected":false},"excerpt":{"rendered":"","protected":false},"author":1,"featured_media":0,"parent":0,"menu_order":0,"comment_status":"closed","ping_status":"closed","template":"","meta":{"footnotes":""},"class_list":["post-1035","page","type-page","status-publish","hentry"],"acf":[],"yoast_head":"<!-- This site is optimized with the Yoast SEO plugin v27.4 - https:\/\/yoast.com\/product\/yoast-seo-wordpress\/ -->\n<title>FAQ - Colonia Natura T\u00f6rt\u00e9nelmi Apartmanpark<\/title>\n<meta name=\"description\" content=\"Seg\u00edt\u00fcnk, hogy a pihen\u00e9s zavartalan \u00e9s teljes \u00e9lm\u00e9ny legyen S\u00e1rv\u00e1r mellett, a term\u00e9szet \u00f6lel\u00e9s\u00e9ben. Hasznos tudnival\u00f3k vend\u00e9gh\u00e1zainkr\u00f3l.\" \/>\n<meta name=\"robots\" content=\"index, follow, max-snippet:-1, max-image-preview:large, max-video-preview:-1\" \/>\n<link rel=\"canonical\" href=\"https:\/\/colonianatura.hu\/gyik\/\" \/>\n<meta property=\"og:locale\" content=\"en_US\" \/>\n<meta property=\"og:type\" content=\"article\" \/>\n<meta property=\"og:title\" content=\"FAQ - Colonia Natura T\u00f6rt\u00e9nelmi Apartmanpark\" \/>\n<meta property=\"og:description\" content=\"Seg\u00edt\u00fcnk, hogy a pihen\u00e9s zavartalan \u00e9s teljes \u00e9lm\u00e9ny legyen S\u00e1rv\u00e1r mellett, a term\u00e9szet \u00f6lel\u00e9s\u00e9ben. Hasznos tudnival\u00f3k vend\u00e9gh\u00e1zainkr\u00f3l.\" \/>\n<meta property=\"og:url\" content=\"https:\/\/colonianatura.hu\/gyik\/\" \/>\n<meta property=\"og:site_name\" content=\"Colonia Natura T\u00f6rt\u00e9nelmi Apartmanpark\" \/>\n<meta property=\"article:publisher\" content=\"https:\/\/facebook.com\/colonianatura\/\" \/>\n<meta property=\"article:modified_time\" content=\"2024-10-26T11:47:04+00:00\" \/>\n<meta name=\"twitter:card\" content=\"summary_large_image\" \/>\n<meta name=\"twitter:label1\" content=\"Est. reading time\" \/>\n\t<meta name=\"twitter:data1\" content=\"1 minute\" \/>\n<script type=\"application\/ld+json\" class=\"yoast-schema-graph\">{\"@context\":\"https:\\\/\\\/schema.org\",\"@graph\":[{\"@type\":\"WebPage\",\"@id\":\"https:\\\/\\\/colonianatura.hu\\\/gyik\\\/\",\"url\":\"https:\\\/\\\/colonianatura.hu\\\/gyik\\\/\",\"name\":\"[:hu]GYIK[:en]FAQ[:] - Colonia Natura T\u00f6rt\u00e9nelmi Apartmanpark\",\"isPartOf\":{\"@id\":\"https:\\\/\\\/colonianatura.hu\\\/#website\"},\"datePublished\":\"2024-03-05T17:17:31+00:00\",\"dateModified\":\"2024-10-26T11:47:04+00:00\",\"description\":\"Seg\u00edt\u00fcnk, hogy a pihen\u00e9s zavartalan \u00e9s teljes \u00e9lm\u00e9ny legyen S\u00e1rv\u00e1r mellett, a term\u00e9szet \u00f6lel\u00e9s\u00e9ben. Hasznos tudnival\u00f3k vend\u00e9gh\u00e1zainkr\u00f3l.\",\"breadcrumb\":{\"@id\":\"https:\\\/\\\/colonianatura.hu\\\/gyik\\\/#breadcrumb\"},\"inLanguage\":\"en-US\",\"potentialAction\":[{\"@type\":\"ReadAction\",\"target\":[\"https:\\\/\\\/colonianatura.hu\\\/gyik\\\/\"]}]},{\"@type\":\"BreadcrumbList\",\"@id\":\"https:\\\/\\\/colonianatura.hu\\\/gyik\\\/#breadcrumb\",\"itemListElement\":[{\"@type\":\"ListItem\",\"position\":1,\"name\":\"Startseite\",\"item\":\"https:\\\/\\\/colonianatura.hu\\\/\"},{\"@type\":\"ListItem\",\"position\":2,\"name\":\"GYIK\"}]},{\"@type\":\"WebSite\",\"@id\":\"https:\\\/\\\/colonianatura.hu\\\/#website\",\"url\":\"https:\\\/\\\/colonianatura.hu\\\/\",\"name\":\"Colonia Natura Apartmanpark\",\"description\":\"Colonia Natura\",\"potentialAction\":[{\"@type\":\"SearchAction\",\"target\":{\"@type\":\"EntryPoint\",\"urlTemplate\":\"https:\\\/\\\/colonianatura.hu\\\/?s={search_term_string}\"},\"query-input\":{\"@type\":\"PropertyValueSpecification\",\"valueRequired\":true,\"valueName\":\"search_term_string\"}}],\"inLanguage\":\"en-US\"}]}<\/script>\n<!-- \/ Yoast SEO plugin. -->","yoast_head_json":{"title":"[:hu]GYIK[:en]FAQ[:] - Colonia Natura T\u00f6rt\u00e9nelmi Apartmanpark","description":"Seg\u00edt\u00fcnk, hogy a pihen\u00e9s zavartalan \u00e9s teljes \u00e9lm\u00e9ny legyen S\u00e1rv\u00e1r mellett, a term\u00e9szet \u00f6lel\u00e9s\u00e9ben. Hasznos tudnival\u00f3k vend\u00e9gh\u00e1zainkr\u00f3l.","robots":{"index":"index","follow":"follow","max-snippet":"max-snippet:-1","max-image-preview":"max-image-preview:large","max-video-preview":"max-video-preview:-1"},"canonical":"https:\/\/colonianatura.hu\/gyik\/","og_locale":"en_US","og_type":"article","og_title":"FAQ - Colonia Natura T\u00f6rt\u00e9nelmi Apartmanpark","og_description":"Seg\u00edt\u00fcnk, hogy a pihen\u00e9s zavartalan \u00e9s teljes \u00e9lm\u00e9ny legyen S\u00e1rv\u00e1r mellett, a term\u00e9szet \u00f6lel\u00e9s\u00e9ben. Hasznos tudnival\u00f3k vend\u00e9gh\u00e1zainkr\u00f3l.","og_url":"https:\/\/colonianatura.hu\/gyik\/","og_site_name":"Colonia Natura T\u00f6rt\u00e9nelmi Apartmanpark","article_publisher":"https:\/\/facebook.com\/colonianatura\/","article_modified_time":"2024-10-26T11:47:04+00:00","twitter_card":"summary_large_image","twitter_misc":{"Est. reading time":"1 minute"},"schema":{"@context":"https:\/\/schema.org","@graph":[{"@type":"WebPage","@id":"https:\/\/colonianatura.hu\/gyik\/","url":"https:\/\/colonianatura.hu\/gyik\/","name":"[:hu]GYIK[:en]FAQ[:] - Colonia Natura T\u00f6rt\u00e9nelmi Apartmanpark","isPartOf":{"@id":"https:\/\/colonianatura.hu\/#website"},"datePublished":"2024-03-05T17:17:31+00:00","dateModified":"2024-10-26T11:47:04+00:00","description":"Seg\u00edt\u00fcnk, hogy a pihen\u00e9s zavartalan \u00e9s teljes \u00e9lm\u00e9ny legyen S\u00e1rv\u00e1r mellett, a term\u00e9szet \u00f6lel\u00e9s\u00e9ben. Hasznos tudnival\u00f3k vend\u00e9gh\u00e1zainkr\u00f3l.","breadcrumb":{"@id":"https:\/\/colonianatura.hu\/gyik\/#breadcrumb"},"inLanguage":"en-US","potentialAction":[{"@type":"ReadAction","target":["https:\/\/colonianatura.hu\/gyik\/"]}]},{"@type":"BreadcrumbList","@id":"https:\/\/colonianatura.hu\/gyik\/#breadcrumb","itemListElement":[{"@type":"ListItem","position":1,"name":"Startseite","item":"https:\/\/colonianatura.hu\/"},{"@type":"ListItem","position":2,"name":"GYIK"}]},{"@type":"WebSite","@id":"https:\/\/colonianatura.hu\/#website","url":"https:\/\/colonianatura.hu\/","name":"Colonia Natura Apartmanpark","description":"Colonia Natura","potentialAction":[{"@type":"SearchAction","target":{"@type":"EntryPoint","urlTemplate":"https:\/\/colonianatura.hu\/?s={search_term_string}"},"query-input":{"@type":"PropertyValueSpecification","valueRequired":true,"valueName":"search_term_string"}}],"inLanguage":"en-US"}]}},"_links":{"self":[{"href":"https:\/\/colonianatura.hu\/en\/wp-json\/wp\/v2\/pages\/1035","targetHints":{"allow":["GET"]}}],"collection":[{"href":"https:\/\/colonianatura.hu\/en\/wp-json\/wp\/v2\/pages"}],"about":[{"href":"https:\/\/colonianatura.hu\/en\/wp-json\/wp\/v2\/types\/page"}],"author":[{"embeddable":true,"href":"https:\/\/colonianatura.hu\/en\/wp-json\/wp\/v2\/users\/1"}],"replies":[{"embeddable":true,"href":"https:\/\/colonianatura.hu\/en\/wp-json\/wp\/v2\/comments?post=1035"}],"version-history":[{"count":4,"href":"https:\/\/colonianatura.hu\/en\/wp-json\/wp\/v2\/pages\/1035\/revisions"}],"predecessor-version":[{"id":1376,"href":"https:\/\/colonianatura.hu\/en\/wp-json\/wp\/v2\/pages\/1035\/revisions\/1376"}],"wp:attachment":[{"href":"https:\/\/colonianatura.hu\/en\/wp-json\/wp\/v2\/media?parent=1035"}],"curies":[{"name":"wp","href":"https:\/\/api.w.org\/{rel}","templated":true}]}}