{"id":1032,"date":"2024-03-05T17:15:03","date_gmt":"2024-03-05T17:15:03","guid":{"rendered":"https:\/\/colonianatura.hu\/?page_id=1032"},"modified":"2025-12-09T13:43:12","modified_gmt":"2025-12-09T13:43:12","slug":"gladiatorium","status":"publish","type":"page","link":"https:\/\/colonianatura.hu\/en\/gladiatorium\/","title":{"rendered":"Gladiatorium"},"content":{"rendered":"<p style=\"text-align: center;\">Are you craving adventures that break away from the usual travel itineraries? Tired of the same old hikes, beaches, or museums, and looking for a one-of-a-kind experience you won\u2019t find anywhere else? Are you big film and series enthusiasts, especially fans of iconic movies like &#8220;Gladiator&#8221;? Do you want to immerse yourselves in these historical adventures in a way that feels real? The <strong>Gladiatorium<\/strong> offers the thrill and unmatched excitement of gladiator combat, bringing history to life in a way you\u2019ve never experienced before!<\/p>\r\n<div id='gallery-2' class='gallery galleryid-1032 gallery-columns-3 gallery-size-large'><figure class='gallery-item'>\n\t\t\t<div class='gallery-icon landscape'>\n\t\t\t\t<a href='https:\/\/colonianatura.hu\/wp-content\/uploads\/2024\/09\/Gladiatorium_2.jpg' data-lbwps-gid=\"3\"><img loading=\"lazy\" decoding=\"async\" width=\"640\" height=\"480\" src=\"https:\/\/colonianatura.hu\/wp-content\/uploads\/2024\/09\/Gladiatorium_2-1024x768.jpg\" class=\"attachment-large size-large\" alt=\"\" srcset=\"https:\/\/colonianatura.hu\/wp-content\/uploads\/2024\/09\/Gladiatorium_2-1024x768.jpg 1024w, https:\/\/colonianatura.hu\/wp-content\/uploads\/2024\/09\/Gladiatorium_2-300x225.jpg 300w, https:\/\/colonianatura.hu\/wp-content\/uploads\/2024\/09\/Gladiatorium_2-768x576.jpg 768w, https:\/\/colonianatura.hu\/wp-content\/uploads\/2024\/09\/Gladiatorium_2.jpg 1440w\" sizes=\"auto, (max-width: 640px) 100vw, 640px\" \/><\/a>\n\t\t\t<\/div><\/figure><figure class='gallery-item'>\n\t\t\t<div class='gallery-icon landscape'>\n\t\t\t\t<a href='https:\/\/colonianatura.hu\/wp-content\/uploads\/2024\/09\/Gladiatorium_3.jpg' data-lbwps-gid=\"3\"><img loading=\"lazy\" decoding=\"async\" width=\"640\" height=\"480\" src=\"https:\/\/colonianatura.hu\/wp-content\/uploads\/2024\/09\/Gladiatorium_3-1024x768.jpg\" class=\"attachment-large size-large\" alt=\"\" srcset=\"https:\/\/colonianatura.hu\/wp-content\/uploads\/2024\/09\/Gladiatorium_3-1024x768.jpg 1024w, https:\/\/colonianatura.hu\/wp-content\/uploads\/2024\/09\/Gladiatorium_3-300x225.jpg 300w, https:\/\/colonianatura.hu\/wp-content\/uploads\/2024\/09\/Gladiatorium_3-768x576.jpg 768w, https:\/\/colonianatura.hu\/wp-content\/uploads\/2024\/09\/Gladiatorium_3.jpg 1440w\" sizes=\"auto, (max-width: 640px) 100vw, 640px\" \/><\/a>\n\t\t\t<\/div><\/figure><figure class='gallery-item'>\n\t\t\t<div class='gallery-icon landscape'>\n\t\t\t\t<a href='https:\/\/colonianatura.hu\/wp-content\/uploads\/2024\/09\/Gladiatorium_1.jpg' data-lbwps-gid=\"3\"><img loading=\"lazy\" decoding=\"async\" width=\"640\" height=\"480\" src=\"https:\/\/colonianatura.hu\/wp-content\/uploads\/2024\/09\/Gladiatorium_1-1024x768.jpg\" class=\"attachment-large size-large\" alt=\"\" srcset=\"https:\/\/colonianatura.hu\/wp-content\/uploads\/2024\/09\/Gladiatorium_1-1024x768.jpg 1024w, https:\/\/colonianatura.hu\/wp-content\/uploads\/2024\/09\/Gladiatorium_1-300x225.jpg 300w, https:\/\/colonianatura.hu\/wp-content\/uploads\/2024\/09\/Gladiatorium_1-768x576.jpg 768w, https:\/\/colonianatura.hu\/wp-content\/uploads\/2024\/09\/Gladiatorium_1.jpg 1440w\" sizes=\"auto, (max-width: 640px) 100vw, 640px\" \/><\/a>\n\t\t\t<\/div><\/figure>\n\t\t<\/div>\n\r\n<p style=\"text-align: center;\">Here, you can experience real gladiator combat techniques, complete with authentic gladiator gear and the atmosphere of a true arena, making you feel like the star of a historical film. This adventure is both active and challenging, yet conducted in a safe environment, offering a unique and thrilling but risk-free experience.<\/p>\r\n<p style=\"text-align: center;\">Imagine yourselves in a genuine gladiator arena, a 100-square-meter combat space covered in sand, where the legendary battles of Roman times come to life. This is no ordinary attraction\u2014here, <em>you<\/em> become the gladiator!<\/p>\r\n<p style=\"text-align: center;\">Stand in the middle of the arena, feel the anticipation that ancient gladiators must have felt as they faced the challenge ahead. Experience the adrenaline rush as you gear up with realistic weapons and armor. With the guidance of our instructors, you can safely dive into the world of gladiator combat, learning famous fighting techniques in a thrilling yet secure environment.<\/p>\r\n<p style=\"text-align: center;\">This experience is unlike anything you&#8217;ve ever encountered. The Gladiatorium\u2019s authentic atmosphere transports you back in time, allowing you to become part of an unforgettable adventure.<\/p>\r\n<p style=\"text-align: center;\">After your gladiator battles, if you need some relaxation, unwind on one of our sunlit terraces or retreat to one of our cozy apartment houses.<\/p>\r\n<p style=\"text-align: center;\">Don\u2019t miss out on this once-in-a-lifetime opportunity! Step into the world of gladiators\u2014book your stay at Colonia Natura Apartment Park or reserve your spot at the Gladiatorium. Prepare yourselves for a truly unique, exciting, and educational adventure that you\u2019ll talk about for years to come!<\/p>\r\n<p style=\"text-align: center;\"><a href=\"https:\/\/colonianatura.hu\/en\/foglalas\/\">Book now!<\/a><\/p>","protected":false},"excerpt":{"rendered":"<p>Are you craving adventures that break away from the usual travel itineraries? Tired of the same old hikes, beaches, or&#8230;<\/p>\n","protected":false},"author":1,"featured_media":0,"parent":0,"menu_order":1,"comment_status":"closed","ping_status":"closed","template":"","meta":{"footnotes":""},"class_list":["post-1032","page","type-page","status-publish","hentry"],"acf":[],"yoast_head":"<!-- This site is optimized with the Yoast SEO plugin v27.4 - https:\/\/yoast.com\/product\/yoast-seo-wordpress\/ -->\n<title>Gladiatorium - Colonia Natura T\u00f6rt\u00e9nelmi Apartmanpark<\/title>\n<meta name=\"description\" content=\"K\u00fcl\u00f6nleges szabadid\u0151s program a Gladiatoriumban, ahol megtapasztalhatj\u00e1tok a gladi\u00e1torok vil\u00e1g\u00e1t. Egy kaland, amelyet soha nem feledtek el!\" \/>\n<meta name=\"robots\" content=\"index, follow, max-snippet:-1, max-image-preview:large, max-video-preview:-1\" \/>\n<link rel=\"canonical\" href=\"https:\/\/colonianatura.hu\/gladiatorium\/\" \/>\n<meta property=\"og:locale\" content=\"en_US\" \/>\n<meta property=\"og:type\" content=\"article\" \/>\n<meta property=\"og:title\" content=\"Gladiatorium - Colonia Natura T\u00f6rt\u00e9nelmi Apartmanpark\" \/>\n<meta property=\"og:description\" content=\"K\u00fcl\u00f6nleges szabadid\u0151s program a Gladiatoriumban, ahol megtapasztalhatj\u00e1tok a gladi\u00e1torok vil\u00e1g\u00e1t. Egy kaland, amelyet soha nem feledtek el!\" \/>\n<meta property=\"og:url\" content=\"https:\/\/colonianatura.hu\/gladiatorium\/\" \/>\n<meta property=\"og:site_name\" content=\"Colonia Natura T\u00f6rt\u00e9nelmi Apartmanpark\" \/>\n<meta property=\"article:publisher\" content=\"https:\/\/facebook.com\/colonianatura\/\" \/>\n<meta property=\"article:modified_time\" content=\"2025-12-09T13:43:12+00:00\" \/>\n<meta property=\"og:image\" content=\"https:\/\/colonianatura.hu\/wp-content\/uploads\/2024\/09\/Gladiatorium_2-1024x768.jpg\" \/>\n<meta name=\"twitter:card\" content=\"summary_large_image\" \/>\n<meta name=\"twitter:label1\" content=\"Est. reading time\" \/>\n\t<meta name=\"twitter:data1\" content=\"2 minutes\" \/>\n<script type=\"application\/ld+json\" class=\"yoast-schema-graph\">{\"@context\":\"https:\\\/\\\/schema.org\",\"@graph\":[{\"@type\":\"WebPage\",\"@id\":\"https:\\\/\\\/colonianatura.hu\\\/gladiatorium\\\/\",\"url\":\"https:\\\/\\\/colonianatura.hu\\\/gladiatorium\\\/\",\"name\":\"Gladiatorium - Colonia Natura T\u00f6rt\u00e9nelmi Apartmanpark\",\"isPartOf\":{\"@id\":\"https:\\\/\\\/colonianatura.hu\\\/#website\"},\"datePublished\":\"2024-03-05T17:15:03+00:00\",\"dateModified\":\"2025-12-09T13:43:12+00:00\",\"description\":\"K\u00fcl\u00f6nleges szabadid\u0151s program a Gladiatoriumban, ahol megtapasztalhatj\u00e1tok a gladi\u00e1torok vil\u00e1g\u00e1t. Egy kaland, amelyet soha nem feledtek el!\",\"breadcrumb\":{\"@id\":\"https:\\\/\\\/colonianatura.hu\\\/gladiatorium\\\/#breadcrumb\"},\"inLanguage\":\"en-US\",\"potentialAction\":[{\"@type\":\"ReadAction\",\"target\":[\"https:\\\/\\\/colonianatura.hu\\\/gladiatorium\\\/\"]}]},{\"@type\":\"BreadcrumbList\",\"@id\":\"https:\\\/\\\/colonianatura.hu\\\/gladiatorium\\\/#breadcrumb\",\"itemListElement\":[{\"@type\":\"ListItem\",\"position\":1,\"name\":\"Startseite\",\"item\":\"https:\\\/\\\/colonianatura.hu\\\/\"},{\"@type\":\"ListItem\",\"position\":2,\"name\":\"Gladiatorium\"}]},{\"@type\":\"WebSite\",\"@id\":\"https:\\\/\\\/colonianatura.hu\\\/#website\",\"url\":\"https:\\\/\\\/colonianatura.hu\\\/\",\"name\":\"Colonia Natura Apartmanpark\",\"description\":\"Colonia Natura\",\"potentialAction\":[{\"@type\":\"SearchAction\",\"target\":{\"@type\":\"EntryPoint\",\"urlTemplate\":\"https:\\\/\\\/colonianatura.hu\\\/?s={search_term_string}\"},\"query-input\":{\"@type\":\"PropertyValueSpecification\",\"valueRequired\":true,\"valueName\":\"search_term_string\"}}],\"inLanguage\":\"en-US\"}]}<\/script>\n<!-- \/ Yoast SEO plugin. -->","yoast_head_json":{"title":"Gladiatorium - Colonia Natura T\u00f6rt\u00e9nelmi Apartmanpark","description":"K\u00fcl\u00f6nleges szabadid\u0151s program a Gladiatoriumban, ahol megtapasztalhatj\u00e1tok a gladi\u00e1torok vil\u00e1g\u00e1t. Egy kaland, amelyet soha nem feledtek el!","robots":{"index":"index","follow":"follow","max-snippet":"max-snippet:-1","max-image-preview":"max-image-preview:large","max-video-preview":"max-video-preview:-1"},"canonical":"https:\/\/colonianatura.hu\/gladiatorium\/","og_locale":"en_US","og_type":"article","og_title":"Gladiatorium - Colonia Natura T\u00f6rt\u00e9nelmi Apartmanpark","og_description":"K\u00fcl\u00f6nleges szabadid\u0151s program a Gladiatoriumban, ahol megtapasztalhatj\u00e1tok a gladi\u00e1torok vil\u00e1g\u00e1t. Egy kaland, amelyet soha nem feledtek el!","og_url":"https:\/\/colonianatura.hu\/gladiatorium\/","og_site_name":"Colonia Natura T\u00f6rt\u00e9nelmi Apartmanpark","article_publisher":"https:\/\/facebook.com\/colonianatura\/","article_modified_time":"2025-12-09T13:43:12+00:00","og_image":[{"url":"https:\/\/colonianatura.hu\/wp-content\/uploads\/2024\/09\/Gladiatorium_2-1024x768.jpg","type":"","width":"","height":""}],"twitter_card":"summary_large_image","twitter_misc":{"Est. reading time":"2 minutes"},"schema":{"@context":"https:\/\/schema.org","@graph":[{"@type":"WebPage","@id":"https:\/\/colonianatura.hu\/gladiatorium\/","url":"https:\/\/colonianatura.hu\/gladiatorium\/","name":"Gladiatorium - Colonia Natura T\u00f6rt\u00e9nelmi Apartmanpark","isPartOf":{"@id":"https:\/\/colonianatura.hu\/#website"},"datePublished":"2024-03-05T17:15:03+00:00","dateModified":"2025-12-09T13:43:12+00:00","description":"K\u00fcl\u00f6nleges szabadid\u0151s program a Gladiatoriumban, ahol megtapasztalhatj\u00e1tok a gladi\u00e1torok vil\u00e1g\u00e1t. Egy kaland, amelyet soha nem feledtek el!","breadcrumb":{"@id":"https:\/\/colonianatura.hu\/gladiatorium\/#breadcrumb"},"inLanguage":"en-US","potentialAction":[{"@type":"ReadAction","target":["https:\/\/colonianatura.hu\/gladiatorium\/"]}]},{"@type":"BreadcrumbList","@id":"https:\/\/colonianatura.hu\/gladiatorium\/#breadcrumb","itemListElement":[{"@type":"ListItem","position":1,"name":"Startseite","item":"https:\/\/colonianatura.hu\/"},{"@type":"ListItem","position":2,"name":"Gladiatorium"}]},{"@type":"WebSite","@id":"https:\/\/colonianatura.hu\/#website","url":"https:\/\/colonianatura.hu\/","name":"Colonia Natura Apartmanpark","description":"Colonia Natura","potentialAction":[{"@type":"SearchAction","target":{"@type":"EntryPoint","urlTemplate":"https:\/\/colonianatura.hu\/?s={search_term_string}"},"query-input":{"@type":"PropertyValueSpecification","valueRequired":true,"valueName":"search_term_string"}}],"inLanguage":"en-US"}]}},"_links":{"self":[{"href":"https:\/\/colonianatura.hu\/en\/wp-json\/wp\/v2\/pages\/1032","targetHints":{"allow":["GET"]}}],"collection":[{"href":"https:\/\/colonianatura.hu\/en\/wp-json\/wp\/v2\/pages"}],"about":[{"href":"https:\/\/colonianatura.hu\/en\/wp-json\/wp\/v2\/types\/page"}],"author":[{"embeddable":true,"href":"https:\/\/colonianatura.hu\/en\/wp-json\/wp\/v2\/users\/1"}],"replies":[{"embeddable":true,"href":"https:\/\/colonianatura.hu\/en\/wp-json\/wp\/v2\/comments?post=1032"}],"version-history":[{"count":16,"href":"https:\/\/colonianatura.hu\/en\/wp-json\/wp\/v2\/pages\/1032\/revisions"}],"predecessor-version":[{"id":1543,"href":"https:\/\/colonianatura.hu\/en\/wp-json\/wp\/v2\/pages\/1032\/revisions\/1543"}],"wp:attachment":[{"href":"https:\/\/colonianatura.hu\/en\/wp-json\/wp\/v2\/media?parent=1032"}],"curies":[{"name":"wp","href":"https:\/\/api.w.org\/{rel}","templated":true}]}}